{"id":6417,"date":"2025-09-30T17:50:24","date_gmt":"2025-09-30T17:50:24","guid":{"rendered":"https:\/\/www.guiatop3.com.br\/?page_id=6417"},"modified":"2025-09-30T17:50:25","modified_gmt":"2025-09-30T17:50:25","slug":"quem-somos","status":"publish","type":"page","link":"https:\/\/www.guiatop3.com.br\/?page_id=6417","title":{"rendered":"Quem Somos"},"content":{"rendered":"<style>.kb-row-layout-id6417_55e860-ea > .kt-row-column-wrap{align-content:start;}:where(.kb-row-layout-id6417_55e860-ea > .kt-row-column-wrap) > .wp-block-kadence-column{justify-content:start;}.kb-row-layout-id6417_55e860-ea > .kt-row-column-wrap{column-gap:var(--global-kb-gap-sm, 1rem);row-gap:var(--global-kb-gap-md, 2rem);padding-top:var(--global-kb-spacing-sm, 1.5rem);padding-bottom:var(--global-kb-spacing-sm, 1.5rem);}.kb-row-layout-id6417_55e860-ea > .kt-row-column-wrap > div:not(.added-for-specificity){grid-column:initial;}.kb-row-layout-id6417_55e860-ea > .kt-row-column-wrap{grid-template-columns:minmax(0, 1fr) minmax(0, 6fr) minmax(0, 1fr);}.kb-row-layout-id6417_55e860-ea > .kt-row-layout-overlay{opacity:0.30;}@media all and (max-width: 1024px){.kb-row-layout-id6417_55e860-ea > .kt-row-column-wrap > div:not(.added-for-specificity){grid-column:initial;}}@media all and (max-width: 1024px){.kb-row-layout-id6417_55e860-ea > .kt-row-column-wrap{grid-template-columns:minmax(0, 1fr) minmax(0, 6fr) minmax(0, 1fr);}}@media all and (max-width: 767px){.kb-row-layout-id6417_55e860-ea > .kt-row-column-wrap > div:not(.added-for-specificity){grid-column:initial;}.kb-row-layout-id6417_55e860-ea > .kt-row-column-wrap{grid-template-columns:minmax(0, 1fr);}}<\/style><div class=\"kb-row-layout-wrap kb-row-layout-id6417_55e860-ea alignwide wp-block-kadence-rowlayout\"><div class=\"kt-row-column-wrap kt-has-3-columns kt-row-layout-center-exwide kt-tab-layout-inherit kt-mobile-layout-row kt-row-valign-top\">\n<style>.kadence-column6417_6c1df9-29 > .kt-inside-inner-col,.kadence-column6417_6c1df9-29 > .kt-inside-inner-col:before{border-top-left-radius:0px;border-top-right-radius:0px;border-bottom-right-radius:0px;border-bottom-left-radius:0px;}.kadence-column6417_6c1df9-29 > .kt-inside-inner-col{column-gap:var(--global-kb-gap-sm, 1rem);}.kadence-column6417_6c1df9-29 > .kt-inside-inner-col{flex-direction:column;}.kadence-column6417_6c1df9-29 > .kt-inside-inner-col > .aligncenter{width:100%;}.kadence-column6417_6c1df9-29 > .kt-inside-inner-col:before{opacity:0.3;}.kadence-column6417_6c1df9-29{position:relative;}@media all and (max-width: 1024px){.kadence-column6417_6c1df9-29 > .kt-inside-inner-col{flex-direction:column;justify-content:center;}}@media all and (max-width: 767px){.kadence-column6417_6c1df9-29 > .kt-inside-inner-col{flex-direction:column;justify-content:center;}}<\/style>\n<div class=\"wp-block-kadence-column kadence-column6417_6c1df9-29\"><div class=\"kt-inside-inner-col\"><\/div><\/div>\n\n\n<style>.kadence-column6417_910576-52 > .kt-inside-inner-col,.kadence-column6417_910576-52 > .kt-inside-inner-col:before{border-top-left-radius:0px;border-top-right-radius:0px;border-bottom-right-radius:0px;border-bottom-left-radius:0px;}.kadence-column6417_910576-52 > .kt-inside-inner-col{column-gap:var(--global-kb-gap-sm, 1rem);}.kadence-column6417_910576-52 > .kt-inside-inner-col{flex-direction:column;}.kadence-column6417_910576-52 > .kt-inside-inner-col > .aligncenter{width:100%;}.kadence-column6417_910576-52 > .kt-inside-inner-col:before{opacity:0.3;}.kadence-column6417_910576-52{position:relative;}@media all and (max-width: 1024px){.kadence-column6417_910576-52 > .kt-inside-inner-col{flex-direction:column;justify-content:center;}}@media all and (max-width: 767px){.kadence-column6417_910576-52 > .kt-inside-inner-col{flex-direction:column;justify-content:center;}}<\/style>\n<div class=\"wp-block-kadence-column kadence-column6417_910576-52\"><div class=\"kt-inside-inner-col\"><style>.wp-block-kadence-advancedheading.kt-adv-heading6417_43f6a0-b7, .wp-block-kadence-advancedheading.kt-adv-heading6417_43f6a0-b7[data-kb-block=\"kb-adv-heading6417_43f6a0-b7\"]{text-align:center;font-style:normal;}.wp-block-kadence-advancedheading.kt-adv-heading6417_43f6a0-b7 mark.kt-highlight, .wp-block-kadence-advancedheading.kt-adv-heading6417_43f6a0-b7[data-kb-block=\"kb-adv-heading6417_43f6a0-b7\"] mark.kt-highlight{font-style:normal;color:#f76a0c;-webkit-box-decoration-break:clone;box-decoration-break:clone;padding-top:0px;padding-right:0px;padding-bottom:0px;padding-left:0px;}.wp-block-kadence-advancedheading.kt-adv-heading6417_43f6a0-b7 img.kb-inline-image, .wp-block-kadence-advancedheading.kt-adv-heading6417_43f6a0-b7[data-kb-block=\"kb-adv-heading6417_43f6a0-b7\"] img.kb-inline-image{width:150px;vertical-align:baseline;}<\/style>\n<h1 class=\"kt-adv-heading6417_43f6a0-b7 wp-block-kadence-advancedheading\" data-kb-block=\"kb-adv-heading6417_43f6a0-b7\">Quem Somos<\/h1>\n\n\n\n<hr class=\"wp-block-separator has-text-color has-cyan-bluish-gray-color has-alpha-channel-opacity has-cyan-bluish-gray-background-color has-background is-style-wide\"\/>\n\n\n<style>.wp-block-kadence-advancedheading.kt-adv-heading6417_143df5-5b, .wp-block-kadence-advancedheading.kt-adv-heading6417_143df5-5b[data-kb-block=\"kb-adv-heading6417_143df5-5b\"]{font-size:19px;font-style:normal;}.wp-block-kadence-advancedheading.kt-adv-heading6417_143df5-5b mark.kt-highlight, .wp-block-kadence-advancedheading.kt-adv-heading6417_143df5-5b[data-kb-block=\"kb-adv-heading6417_143df5-5b\"] mark.kt-highlight{font-style:normal;color:#f76a0c;-webkit-box-decoration-break:clone;box-decoration-break:clone;padding-top:0px;padding-right:0px;padding-bottom:0px;padding-left:0px;}.wp-block-kadence-advancedheading.kt-adv-heading6417_143df5-5b img.kb-inline-image, .wp-block-kadence-advancedheading.kt-adv-heading6417_143df5-5b[data-kb-block=\"kb-adv-heading6417_143df5-5b\"] img.kb-inline-image{width:150px;vertical-align:baseline;}<\/style>\n<p class=\"kt-adv-heading6417_143df5-5b wp-block-kadence-advancedheading\" data-kb-block=\"kb-adv-heading6417_143df5-5b\">O <strong>Guia Top 3<\/strong> nasceu com o objetivo de simplificar suas escolhas de compra. Sabemos como pode ser dif\u00edcil encontrar o produto certo em meio a tantas op\u00e7\u00f5es dispon\u00edveis no mercado. Por isso, criamos um espa\u00e7o onde voc\u00ea encontra sempre os 3 melhores produtos de cada categoria, com base em an\u00e1lise de qualidade, custo-benef\u00edcio e popularidade.<\/p>\n\n\n<style>.wp-block-kadence-advancedheading.kt-adv-heading6417_3933b6-15, .wp-block-kadence-advancedheading.kt-adv-heading6417_3933b6-15[data-kb-block=\"kb-adv-heading6417_3933b6-15\"]{font-size:19px;font-style:normal;}.wp-block-kadence-advancedheading.kt-adv-heading6417_3933b6-15 mark.kt-highlight, .wp-block-kadence-advancedheading.kt-adv-heading6417_3933b6-15[data-kb-block=\"kb-adv-heading6417_3933b6-15\"] mark.kt-highlight{font-style:normal;color:#f76a0c;-webkit-box-decoration-break:clone;box-decoration-break:clone;padding-top:0px;padding-right:0px;padding-bottom:0px;padding-left:0px;}.wp-block-kadence-advancedheading.kt-adv-heading6417_3933b6-15 img.kb-inline-image, .wp-block-kadence-advancedheading.kt-adv-heading6417_3933b6-15[data-kb-block=\"kb-adv-heading6417_3933b6-15\"] img.kb-inline-image{width:150px;vertical-align:baseline;}<\/style>\n<p class=\"kt-adv-heading6417_3933b6-15 wp-block-kadence-advancedheading\" data-kb-block=\"kb-adv-heading6417_3933b6-15\">Trabalhamos com programas de afiliados da Amazon e Mercado Livre, o que significa que podemos receber uma comiss\u00e3o pelas compras realizadas por meio dos links dispon\u00edveis em nosso site \u2014 sem custo adicional para voc\u00ea.<\/p>\n\n\n<style>.wp-block-kadence-advancedheading.kt-adv-heading6417_61713c-f3, .wp-block-kadence-advancedheading.kt-adv-heading6417_61713c-f3[data-kb-block=\"kb-adv-heading6417_61713c-f3\"]{font-size:19px;font-style:normal;}.wp-block-kadence-advancedheading.kt-adv-heading6417_61713c-f3 mark.kt-highlight, .wp-block-kadence-advancedheading.kt-adv-heading6417_61713c-f3[data-kb-block=\"kb-adv-heading6417_61713c-f3\"] mark.kt-highlight{font-style:normal;color:#f76a0c;-webkit-box-decoration-break:clone;box-decoration-break:clone;padding-top:0px;padding-right:0px;padding-bottom:0px;padding-left:0px;}.wp-block-kadence-advancedheading.kt-adv-heading6417_61713c-f3 img.kb-inline-image, .wp-block-kadence-advancedheading.kt-adv-heading6417_61713c-f3[data-kb-block=\"kb-adv-heading6417_61713c-f3\"] img.kb-inline-image{width:150px;vertical-align:baseline;}<\/style>\n<p class=\"kt-adv-heading6417_61713c-f3 wp-block-kadence-advancedheading\" data-kb-block=\"kb-adv-heading6417_61713c-f3\">Nosso compromisso \u00e9 oferecer informa\u00e7\u00f5es claras, atualizadas e confi\u00e1veis, ajudando voc\u00ea a tomar decis\u00f5es inteligentes de compra, seja para o dia a dia, presentes ou investimentos pessoais.<\/p>\n\n\n<style>.wp-block-kadence-advancedheading.kt-adv-heading6417_7b78cc-94, .wp-block-kadence-advancedheading.kt-adv-heading6417_7b78cc-94[data-kb-block=\"kb-adv-heading6417_7b78cc-94\"]{text-align:center;font-style:normal;}.wp-block-kadence-advancedheading.kt-adv-heading6417_7b78cc-94 mark.kt-highlight, .wp-block-kadence-advancedheading.kt-adv-heading6417_7b78cc-94[data-kb-block=\"kb-adv-heading6417_7b78cc-94\"] mark.kt-highlight{font-style:normal;color:#f76a0c;-webkit-box-decoration-break:clone;box-decoration-break:clone;padding-top:0px;padding-right:0px;padding-bottom:0px;padding-left:0px;}.wp-block-kadence-advancedheading.kt-adv-heading6417_7b78cc-94 img.kb-inline-image, .wp-block-kadence-advancedheading.kt-adv-heading6417_7b78cc-94[data-kb-block=\"kb-adv-heading6417_7b78cc-94\"] img.kb-inline-image{width:150px;vertical-align:baseline;}<\/style>\n<h2 class=\"kt-adv-heading6417_7b78cc-94 wp-block-kadence-advancedheading\" data-kb-block=\"kb-adv-heading6417_7b78cc-94\">Nossa Miss\u00e3o<\/h2>\n\n\n<style>.wp-block-kadence-advancedheading.kt-adv-heading6417_8a398d-da, .wp-block-kadence-advancedheading.kt-adv-heading6417_8a398d-da[data-kb-block=\"kb-adv-heading6417_8a398d-da\"]{font-size:19px;font-style:normal;}.wp-block-kadence-advancedheading.kt-adv-heading6417_8a398d-da mark.kt-highlight, .wp-block-kadence-advancedheading.kt-adv-heading6417_8a398d-da[data-kb-block=\"kb-adv-heading6417_8a398d-da\"] mark.kt-highlight{font-style:normal;color:#f76a0c;-webkit-box-decoration-break:clone;box-decoration-break:clone;padding-top:0px;padding-right:0px;padding-bottom:0px;padding-left:0px;}.wp-block-kadence-advancedheading.kt-adv-heading6417_8a398d-da img.kb-inline-image, .wp-block-kadence-advancedheading.kt-adv-heading6417_8a398d-da[data-kb-block=\"kb-adv-heading6417_8a398d-da\"] img.kb-inline-image{width:150px;vertical-align:baseline;}<\/style>\n<p class=\"kt-adv-heading6417_8a398d-da wp-block-kadence-advancedheading\" data-kb-block=\"kb-adv-heading6417_8a398d-da\">Facilitar suas escolhas, economizar seu tempo e garantir que voc\u00ea tenha acesso \u00e0s melhores op\u00e7\u00f5es do mercado.<\/p>\n\n\n<style>.wp-block-kadence-advancedheading.kt-adv-heading6417_935179-9e, .wp-block-kadence-advancedheading.kt-adv-heading6417_935179-9e[data-kb-block=\"kb-adv-heading6417_935179-9e\"]{text-align:center;font-style:normal;}.wp-block-kadence-advancedheading.kt-adv-heading6417_935179-9e mark.kt-highlight, .wp-block-kadence-advancedheading.kt-adv-heading6417_935179-9e[data-kb-block=\"kb-adv-heading6417_935179-9e\"] mark.kt-highlight{font-style:normal;color:#f76a0c;-webkit-box-decoration-break:clone;box-decoration-break:clone;padding-top:0px;padding-right:0px;padding-bottom:0px;padding-left:0px;}.wp-block-kadence-advancedheading.kt-adv-heading6417_935179-9e img.kb-inline-image, .wp-block-kadence-advancedheading.kt-adv-heading6417_935179-9e[data-kb-block=\"kb-adv-heading6417_935179-9e\"] img.kb-inline-image{width:150px;vertical-align:baseline;}<\/style>\n<h2 class=\"kt-adv-heading6417_935179-9e wp-block-kadence-advancedheading\" data-kb-block=\"kb-adv-heading6417_935179-9e\">Nossos Valores<\/h2>\n\n\n\n<ul style=\"font-size:19px\" class=\"wp-block-list\">\n<li>Transpar\u00eancia em todas as recomenda\u00e7\u00f5es<\/li>\n\n\n\n<li>Imparcialidade na an\u00e1lise dos produtos<\/li>\n\n\n\n<li>Compromisso com a experi\u00eancia do usu\u00e1rio<\/li>\n\n\n\n<li>Respeito \u00e0 privacidade de nossos visitantes<\/li>\n<\/ul>\n<\/div><\/div>\n\n\n<style>.kadence-column6417_f7a37c-f8 > .kt-inside-inner-col,.kadence-column6417_f7a37c-f8 > .kt-inside-inner-col:before{border-top-left-radius:0px;border-top-right-radius:0px;border-bottom-right-radius:0px;border-bottom-left-radius:0px;}.kadence-column6417_f7a37c-f8 > .kt-inside-inner-col{column-gap:var(--global-kb-gap-sm, 1rem);}.kadence-column6417_f7a37c-f8 > .kt-inside-inner-col{flex-direction:column;}.kadence-column6417_f7a37c-f8 > .kt-inside-inner-col > .aligncenter{width:100%;}.kadence-column6417_f7a37c-f8 > .kt-inside-inner-col:before{opacity:0.3;}.kadence-column6417_f7a37c-f8{position:relative;}@media all and (max-width: 1024px){.kadence-column6417_f7a37c-f8 > .kt-inside-inner-col{flex-direction:column;justify-content:center;}}@media all and (max-width: 767px){.kadence-column6417_f7a37c-f8 > .kt-inside-inner-col{flex-direction:column;justify-content:center;}}<\/style>\n<div class=\"wp-block-kadence-column kadence-column6417_f7a37c-f8\"><div class=\"kt-inside-inner-col\"><\/div><\/div>\n\n<\/div><\/div>\n\n\n<p><\/p>\n","protected":false},"excerpt":{"rendered":"<p>Quem Somos O Guia Top 3 nasceu com o objetivo de simplificar suas escolhas de compra. Sabemos como pode ser dif\u00edcil encontrar o produto certo em meio a tantas op\u00e7\u00f5es dispon\u00edveis no mercado. Por isso, criamos um espa\u00e7o onde voc\u00ea encontra sempre os 3 melhores produtos de cada categoria, com base em an\u00e1lise de qualidade, [&hellip;]<\/p>\n","protected":false},"author":1,"featured_media":0,"parent":0,"menu_order":0,"comment_status":"closed","ping_status":"closed","template":"","meta":{"_acf_changed":false,"_citadela_hide_page_title":"1","_citadela_remove_header_space":"1","_citadela_custom_class":"","_citadela_half_map_provider":"","_citadela_half_map_theme":"","_citadela_half_map_themeOSM":"","_citadela_half_map_customTheme":"","_citadela_half_map_dataType":"","_citadela_half_map_dynamicTrack":false,"_citadela_half_map_trackColor":"","_citadela_half_map_trackEndpointsColor":"","_citadela_half_map_filterCategory":"","_citadela_half_map_filterLocation":"","_citadela_half_map_filterFeatured":false,"_citadela_half_map_noDataBehavior":"empty-map","_citadela_half_map_noDataText":"","_citadela_half_map_clusterGridSize":80,"_citadela_header":false,"_citadela_header_over_content":false,"_citadela_header_text_color":"","_citadela_header_logo":[],"_citadela_header_bg_image":[],"_citadela_header_bg_position":{"x":0.5,"y":0.5},"_citadela_header_bg_size":"cover","_citadela_header_bg_repeat":"no-repeat","_citadela_header_bg_fixed":false,"_citadela_header_bg_color":"","_citadela_header_bg_image_overlay":"","_citadela_header_transparent_bg":false,"_citadela_content_width":"","_citadela_half_layout_position":"","footnotes":""},"class_list":["post-6417","page","type-page","status-publish","hentry"],"acf":[],"_links":{"self":[{"href":"https:\/\/www.guiatop3.com.br\/index.php?rest_route=\/wp\/v2\/pages\/6417","targetHints":{"allow":["GET"]}}],"collection":[{"href":"https:\/\/www.guiatop3.com.br\/index.php?rest_route=\/wp\/v2\/pages"}],"about":[{"href":"https:\/\/www.guiatop3.com.br\/index.php?rest_route=\/wp\/v2\/types\/page"}],"author":[{"embeddable":true,"href":"https:\/\/www.guiatop3.com.br\/index.php?rest_route=\/wp\/v2\/users\/1"}],"replies":[{"embeddable":true,"href":"https:\/\/www.guiatop3.com.br\/index.php?rest_route=%2Fwp%2Fv2%2Fcomments&post=6417"}],"version-history":[{"count":1,"href":"https:\/\/www.guiatop3.com.br\/index.php?rest_route=\/wp\/v2\/pages\/6417\/revisions"}],"predecessor-version":[{"id":6418,"href":"https:\/\/www.guiatop3.com.br\/index.php?rest_route=\/wp\/v2\/pages\/6417\/revisions\/6418"}],"wp:attachment":[{"href":"https:\/\/www.guiatop3.com.br\/index.php?rest_route=%2Fwp%2Fv2%2Fmedia&parent=6417"}],"curies":[{"name":"wp","href":"https:\/\/api.w.org\/{rel}","templated":true}]}}