{"id":6419,"date":"2025-09-30T17:56:14","date_gmt":"2025-09-30T17:56:14","guid":{"rendered":"https:\/\/www.guiatop3.com.br\/?page_id=6419"},"modified":"2025-09-30T17:56:15","modified_gmt":"2025-09-30T17:56:15","slug":"politica-de-cookies","status":"publish","type":"page","link":"https:\/\/www.guiatop3.com.br\/?page_id=6419","title":{"rendered":"Pol\u00edtica de Cookies"},"content":{"rendered":"<style>.kb-row-layout-id6419_31578b-86 > .kt-row-column-wrap{align-content:start;}:where(.kb-row-layout-id6419_31578b-86 > .kt-row-column-wrap) > .wp-block-kadence-column{justify-content:start;}.kb-row-layout-id6419_31578b-86 > .kt-row-column-wrap{column-gap:var(--global-kb-gap-sm, 1rem);row-gap:var(--global-kb-gap-md, 2rem);padding-top:var(--global-kb-spacing-sm, 1.5rem);padding-bottom:var(--global-kb-spacing-sm, 1.5rem);}.kb-row-layout-id6419_31578b-86 > .kt-row-column-wrap > div:not(.added-for-specificity){grid-column:initial;}.kb-row-layout-id6419_31578b-86 > .kt-row-column-wrap{grid-template-columns:minmax(0, 1fr) minmax(0, 6fr) minmax(0, 1fr);}.kb-row-layout-id6419_31578b-86 > .kt-row-layout-overlay{opacity:0.30;}@media all and (max-width: 1024px){.kb-row-layout-id6419_31578b-86 > .kt-row-column-wrap > div:not(.added-for-specificity){grid-column:initial;}}@media all and (max-width: 1024px){.kb-row-layout-id6419_31578b-86 > .kt-row-column-wrap{grid-template-columns:minmax(0, 1fr) minmax(0, 6fr) minmax(0, 1fr);}}@media all and (max-width: 767px){.kb-row-layout-id6419_31578b-86 > .kt-row-column-wrap > div:not(.added-for-specificity){grid-column:initial;}.kb-row-layout-id6419_31578b-86 > .kt-row-column-wrap{grid-template-columns:minmax(0, 1fr);}}<\/style><div class=\"kb-row-layout-wrap kb-row-layout-id6419_31578b-86 alignwide wp-block-kadence-rowlayout\"><div class=\"kt-row-column-wrap kt-has-3-columns kt-row-layout-center-exwide kt-tab-layout-inherit kt-mobile-layout-row kt-row-valign-top\">\n<style>.kadence-column6419_556a82-b7 > .kt-inside-inner-col,.kadence-column6419_556a82-b7 > .kt-inside-inner-col:before{border-top-left-radius:0px;border-top-right-radius:0px;border-bottom-right-radius:0px;border-bottom-left-radius:0px;}.kadence-column6419_556a82-b7 > .kt-inside-inner-col{column-gap:var(--global-kb-gap-sm, 1rem);}.kadence-column6419_556a82-b7 > .kt-inside-inner-col{flex-direction:column;}.kadence-column6419_556a82-b7 > .kt-inside-inner-col > .aligncenter{width:100%;}.kadence-column6419_556a82-b7 > .kt-inside-inner-col:before{opacity:0.3;}.kadence-column6419_556a82-b7{position:relative;}@media all and (max-width: 1024px){.kadence-column6419_556a82-b7 > .kt-inside-inner-col{flex-direction:column;justify-content:center;}}@media all and (max-width: 767px){.kadence-column6419_556a82-b7 > .kt-inside-inner-col{flex-direction:column;justify-content:center;}}<\/style>\n<div class=\"wp-block-kadence-column kadence-column6419_556a82-b7\"><div class=\"kt-inside-inner-col\"><\/div><\/div>\n\n\n<style>.kadence-column6419_fac525-bb > .kt-inside-inner-col,.kadence-column6419_fac525-bb > .kt-inside-inner-col:before{border-top-left-radius:0px;border-top-right-radius:0px;border-bottom-right-radius:0px;border-bottom-left-radius:0px;}.kadence-column6419_fac525-bb > .kt-inside-inner-col{column-gap:var(--global-kb-gap-sm, 1rem);}.kadence-column6419_fac525-bb > .kt-inside-inner-col{flex-direction:column;}.kadence-column6419_fac525-bb > .kt-inside-inner-col > .aligncenter{width:100%;}.kadence-column6419_fac525-bb > .kt-inside-inner-col:before{opacity:0.3;}.kadence-column6419_fac525-bb{position:relative;}@media all and (max-width: 1024px){.kadence-column6419_fac525-bb > .kt-inside-inner-col{flex-direction:column;justify-content:center;}}@media all and (max-width: 767px){.kadence-column6419_fac525-bb > .kt-inside-inner-col{flex-direction:column;justify-content:center;}}<\/style>\n<div class=\"wp-block-kadence-column kadence-column6419_fac525-bb\"><div class=\"kt-inside-inner-col\"><style>.wp-block-kadence-advancedheading.kt-adv-heading6419_0b1bb3-56, .wp-block-kadence-advancedheading.kt-adv-heading6419_0b1bb3-56[data-kb-block=\"kb-adv-heading6419_0b1bb3-56\"]{text-align:center;font-style:normal;}.wp-block-kadence-advancedheading.kt-adv-heading6419_0b1bb3-56 mark.kt-highlight, .wp-block-kadence-advancedheading.kt-adv-heading6419_0b1bb3-56[data-kb-block=\"kb-adv-heading6419_0b1bb3-56\"] mark.kt-highlight{font-style:normal;color:#f76a0c;-webkit-box-decoration-break:clone;box-decoration-break:clone;padding-top:0px;padding-right:0px;padding-bottom:0px;padding-left:0px;}.wp-block-kadence-advancedheading.kt-adv-heading6419_0b1bb3-56 img.kb-inline-image, .wp-block-kadence-advancedheading.kt-adv-heading6419_0b1bb3-56[data-kb-block=\"kb-adv-heading6419_0b1bb3-56\"] img.kb-inline-image{width:150px;vertical-align:baseline;}<\/style>\n<h1 class=\"kt-adv-heading6419_0b1bb3-56 wp-block-kadence-advancedheading\" data-kb-block=\"kb-adv-heading6419_0b1bb3-56\">Pol\u00edtica de Cookies<\/h1>\n\n\n<style>.wp-block-kadence-advancedheading.kt-adv-heading6419_08e5dc-a3, .wp-block-kadence-advancedheading.kt-adv-heading6419_08e5dc-a3[data-kb-block=\"kb-adv-heading6419_08e5dc-a3\"]{font-size:19px;font-style:normal;}.wp-block-kadence-advancedheading.kt-adv-heading6419_08e5dc-a3 mark.kt-highlight, .wp-block-kadence-advancedheading.kt-adv-heading6419_08e5dc-a3[data-kb-block=\"kb-adv-heading6419_08e5dc-a3\"] mark.kt-highlight{font-style:normal;color:#f76a0c;-webkit-box-decoration-break:clone;box-decoration-break:clone;padding-top:0px;padding-right:0px;padding-bottom:0px;padding-left:0px;}.wp-block-kadence-advancedheading.kt-adv-heading6419_08e5dc-a3 img.kb-inline-image, .wp-block-kadence-advancedheading.kt-adv-heading6419_08e5dc-a3[data-kb-block=\"kb-adv-heading6419_08e5dc-a3\"] img.kb-inline-image{width:150px;vertical-align:baseline;}<\/style>\n<p class=\"kt-adv-heading6419_08e5dc-a3 wp-block-kadence-advancedheading\" data-kb-block=\"kb-adv-heading6419_08e5dc-a3\">Esta Pol\u00edtica de Cookies explica como o Guia Top 3 utiliza cookies e tecnologias semelhantes para reconhecer os visitantes quando acessam nosso site.<\/p>\n\n\n<style>.wp-block-kadence-advancedheading.kt-adv-heading6419_94fea9-93, .wp-block-kadence-advancedheading.kt-adv-heading6419_94fea9-93[data-kb-block=\"kb-adv-heading6419_94fea9-93\"]{text-align:center;font-style:normal;}.wp-block-kadence-advancedheading.kt-adv-heading6419_94fea9-93 mark.kt-highlight, .wp-block-kadence-advancedheading.kt-adv-heading6419_94fea9-93[data-kb-block=\"kb-adv-heading6419_94fea9-93\"] mark.kt-highlight{font-style:normal;color:#f76a0c;-webkit-box-decoration-break:clone;box-decoration-break:clone;padding-top:0px;padding-right:0px;padding-bottom:0px;padding-left:0px;}.wp-block-kadence-advancedheading.kt-adv-heading6419_94fea9-93 img.kb-inline-image, .wp-block-kadence-advancedheading.kt-adv-heading6419_94fea9-93[data-kb-block=\"kb-adv-heading6419_94fea9-93\"] img.kb-inline-image{width:150px;vertical-align:baseline;}<\/style>\n<h2 class=\"kt-adv-heading6419_94fea9-93 wp-block-kadence-advancedheading\" data-kb-block=\"kb-adv-heading6419_94fea9-93\">O que s\u00e3o cookies?<\/h2>\n\n\n<style>.wp-block-kadence-advancedheading.kt-adv-heading6419_fa851c-c5, .wp-block-kadence-advancedheading.kt-adv-heading6419_fa851c-c5[data-kb-block=\"kb-adv-heading6419_fa851c-c5\"]{font-size:19px;font-style:normal;}.wp-block-kadence-advancedheading.kt-adv-heading6419_fa851c-c5 mark.kt-highlight, .wp-block-kadence-advancedheading.kt-adv-heading6419_fa851c-c5[data-kb-block=\"kb-adv-heading6419_fa851c-c5\"] mark.kt-highlight{font-style:normal;color:#f76a0c;-webkit-box-decoration-break:clone;box-decoration-break:clone;padding-top:0px;padding-right:0px;padding-bottom:0px;padding-left:0px;}.wp-block-kadence-advancedheading.kt-adv-heading6419_fa851c-c5 img.kb-inline-image, .wp-block-kadence-advancedheading.kt-adv-heading6419_fa851c-c5[data-kb-block=\"kb-adv-heading6419_fa851c-c5\"] img.kb-inline-image{width:150px;vertical-align:baseline;}<\/style>\n<p class=\"kt-adv-heading6419_fa851c-c5 wp-block-kadence-advancedheading\" data-kb-block=\"kb-adv-heading6419_fa851c-c5\">Cookies s\u00e3o pequenos arquivos de texto armazenados no seu dispositivo que ajudam o site a funcionar corretamente, a lembrar suas prefer\u00eancias e a melhorar sua experi\u00eancia de navega\u00e7\u00e3o.<\/p>\n\n\n<style>.wp-block-kadence-advancedheading.kt-adv-heading6419_a7af1a-6c, .wp-block-kadence-advancedheading.kt-adv-heading6419_a7af1a-6c[data-kb-block=\"kb-adv-heading6419_a7af1a-6c\"]{text-align:center;font-style:normal;}.wp-block-kadence-advancedheading.kt-adv-heading6419_a7af1a-6c mark.kt-highlight, .wp-block-kadence-advancedheading.kt-adv-heading6419_a7af1a-6c[data-kb-block=\"kb-adv-heading6419_a7af1a-6c\"] mark.kt-highlight{font-style:normal;color:#f76a0c;-webkit-box-decoration-break:clone;box-decoration-break:clone;padding-top:0px;padding-right:0px;padding-bottom:0px;padding-left:0px;}.wp-block-kadence-advancedheading.kt-adv-heading6419_a7af1a-6c img.kb-inline-image, .wp-block-kadence-advancedheading.kt-adv-heading6419_a7af1a-6c[data-kb-block=\"kb-adv-heading6419_a7af1a-6c\"] img.kb-inline-image{width:150px;vertical-align:baseline;}<\/style>\n<h2 class=\"kt-adv-heading6419_a7af1a-6c wp-block-kadence-advancedheading\" data-kb-block=\"kb-adv-heading6419_a7af1a-6c\">Tipos de cookies que utilizamos<\/h2>\n\n\n<style>.wp-block-kadence-advancedheading.kt-adv-heading6419_d79eb8-ff, .wp-block-kadence-advancedheading.kt-adv-heading6419_d79eb8-ff[data-kb-block=\"kb-adv-heading6419_d79eb8-ff\"]{font-size:19px;font-style:normal;}.wp-block-kadence-advancedheading.kt-adv-heading6419_d79eb8-ff mark.kt-highlight, .wp-block-kadence-advancedheading.kt-adv-heading6419_d79eb8-ff[data-kb-block=\"kb-adv-heading6419_d79eb8-ff\"] mark.kt-highlight{font-style:normal;color:#f76a0c;-webkit-box-decoration-break:clone;box-decoration-break:clone;padding-top:0px;padding-right:0px;padding-bottom:0px;padding-left:0px;}.wp-block-kadence-advancedheading.kt-adv-heading6419_d79eb8-ff img.kb-inline-image, .wp-block-kadence-advancedheading.kt-adv-heading6419_d79eb8-ff[data-kb-block=\"kb-adv-heading6419_d79eb8-ff\"] img.kb-inline-image{width:150px;vertical-align:baseline;}<\/style>\n<p class=\"kt-adv-heading6419_d79eb8-ff wp-block-kadence-advancedheading\" data-kb-block=\"kb-adv-heading6419_d79eb8-ff\">&#8211; <strong>Cookies essenciais:<\/strong> necess\u00e1rios para o funcionamento b\u00e1sico do site.<br>&#8211; <strong>Cookies de desempenho:<\/strong> coletam informa\u00e7\u00f5es sobre como os visitantes usam o site (por exemplo, p\u00e1ginas mais acessadas).<br>&#8211; <strong>Cookies de funcionalidade:<\/strong> permitem que o site lembre de prefer\u00eancias, como idioma ou regi\u00e3o.<br>&#8211; <strong>Cookies de publicidade:<\/strong> usados para exibir an\u00fancios relevantes (incluindo do Google AdSense).<\/p>\n\n\n<style>.wp-block-kadence-advancedheading.kt-adv-heading6419_a05f57-d0, .wp-block-kadence-advancedheading.kt-adv-heading6419_a05f57-d0[data-kb-block=\"kb-adv-heading6419_a05f57-d0\"]{text-align:center;font-style:normal;}.wp-block-kadence-advancedheading.kt-adv-heading6419_a05f57-d0 mark.kt-highlight, .wp-block-kadence-advancedheading.kt-adv-heading6419_a05f57-d0[data-kb-block=\"kb-adv-heading6419_a05f57-d0\"] mark.kt-highlight{font-style:normal;color:#f76a0c;-webkit-box-decoration-break:clone;box-decoration-break:clone;padding-top:0px;padding-right:0px;padding-bottom:0px;padding-left:0px;}.wp-block-kadence-advancedheading.kt-adv-heading6419_a05f57-d0 img.kb-inline-image, .wp-block-kadence-advancedheading.kt-adv-heading6419_a05f57-d0[data-kb-block=\"kb-adv-heading6419_a05f57-d0\"] img.kb-inline-image{width:150px;vertical-align:baseline;}<\/style>\n<h2 class=\"kt-adv-heading6419_a05f57-d0 wp-block-kadence-advancedheading\" data-kb-block=\"kb-adv-heading6419_a05f57-d0\">Gerenciamento de cookies<\/h2>\n\n\n<style>.wp-block-kadence-advancedheading.kt-adv-heading6419_47814f-c7, .wp-block-kadence-advancedheading.kt-adv-heading6419_47814f-c7[data-kb-block=\"kb-adv-heading6419_47814f-c7\"]{font-size:19px;font-style:normal;}.wp-block-kadence-advancedheading.kt-adv-heading6419_47814f-c7 mark.kt-highlight, .wp-block-kadence-advancedheading.kt-adv-heading6419_47814f-c7[data-kb-block=\"kb-adv-heading6419_47814f-c7\"] mark.kt-highlight{font-style:normal;color:#f76a0c;-webkit-box-decoration-break:clone;box-decoration-break:clone;padding-top:0px;padding-right:0px;padding-bottom:0px;padding-left:0px;}.wp-block-kadence-advancedheading.kt-adv-heading6419_47814f-c7 img.kb-inline-image, .wp-block-kadence-advancedheading.kt-adv-heading6419_47814f-c7[data-kb-block=\"kb-adv-heading6419_47814f-c7\"] img.kb-inline-image{width:150px;vertical-align:baseline;}<\/style>\n<p class=\"kt-adv-heading6419_47814f-c7 wp-block-kadence-advancedheading\" data-kb-block=\"kb-adv-heading6419_47814f-c7\">Voc\u00ea pode controlar e\/ou excluir cookies a qualquer momento, ajustando as configura\u00e7\u00f5es do seu navegador. No entanto, a desativa\u00e7\u00e3o de cookies pode afetar a experi\u00eancia de navega\u00e7\u00e3o no site.<\/p>\n\n\n<style>.wp-block-kadence-advancedheading.kt-adv-heading6419_b8db95-eb, .wp-block-kadence-advancedheading.kt-adv-heading6419_b8db95-eb[data-kb-block=\"kb-adv-heading6419_b8db95-eb\"]{text-align:center;font-style:normal;}.wp-block-kadence-advancedheading.kt-adv-heading6419_b8db95-eb mark.kt-highlight, .wp-block-kadence-advancedheading.kt-adv-heading6419_b8db95-eb[data-kb-block=\"kb-adv-heading6419_b8db95-eb\"] mark.kt-highlight{font-style:normal;color:#f76a0c;-webkit-box-decoration-break:clone;box-decoration-break:clone;padding-top:0px;padding-right:0px;padding-bottom:0px;padding-left:0px;}.wp-block-kadence-advancedheading.kt-adv-heading6419_b8db95-eb img.kb-inline-image, .wp-block-kadence-advancedheading.kt-adv-heading6419_b8db95-eb[data-kb-block=\"kb-adv-heading6419_b8db95-eb\"] img.kb-inline-image{width:150px;vertical-align:baseline;}<\/style>\n<h2 class=\"kt-adv-heading6419_b8db95-eb wp-block-kadence-advancedheading\" data-kb-block=\"kb-adv-heading6419_b8db95-eb\">Conformidade legal<\/h2>\n\n\n<style>.wp-block-kadence-advancedheading.kt-adv-heading6419_ac112a-a5, .wp-block-kadence-advancedheading.kt-adv-heading6419_ac112a-a5[data-kb-block=\"kb-adv-heading6419_ac112a-a5\"]{font-size:19px;font-style:normal;}.wp-block-kadence-advancedheading.kt-adv-heading6419_ac112a-a5 mark.kt-highlight, .wp-block-kadence-advancedheading.kt-adv-heading6419_ac112a-a5[data-kb-block=\"kb-adv-heading6419_ac112a-a5\"] mark.kt-highlight{font-style:normal;color:#f76a0c;-webkit-box-decoration-break:clone;box-decoration-break:clone;padding-top:0px;padding-right:0px;padding-bottom:0px;padding-left:0px;}.wp-block-kadence-advancedheading.kt-adv-heading6419_ac112a-a5 img.kb-inline-image, .wp-block-kadence-advancedheading.kt-adv-heading6419_ac112a-a5[data-kb-block=\"kb-adv-heading6419_ac112a-a5\"] img.kb-inline-image{width:150px;vertical-align:baseline;}<\/style>\n<p class=\"kt-adv-heading6419_ac112a-a5 wp-block-kadence-advancedheading\" data-kb-block=\"kb-adv-heading6419_ac112a-a5\">Esta pol\u00edtica est\u00e1 de acordo com a LGPD (Brasil), GDPR (Uni\u00e3o Europeia) e CCPA (Calif\u00f3rnia, EUA).<\/p>\n<\/div><\/div>\n\n\n<style>.kadence-column6419_3ec275-9a > .kt-inside-inner-col,.kadence-column6419_3ec275-9a > .kt-inside-inner-col:before{border-top-left-radius:0px;border-top-right-radius:0px;border-bottom-right-radius:0px;border-bottom-left-radius:0px;}.kadence-column6419_3ec275-9a > .kt-inside-inner-col{column-gap:var(--global-kb-gap-sm, 1rem);}.kadence-column6419_3ec275-9a > .kt-inside-inner-col{flex-direction:column;}.kadence-column6419_3ec275-9a > .kt-inside-inner-col > .aligncenter{width:100%;}.kadence-column6419_3ec275-9a > .kt-inside-inner-col:before{opacity:0.3;}.kadence-column6419_3ec275-9a{position:relative;}@media all and (max-width: 1024px){.kadence-column6419_3ec275-9a > .kt-inside-inner-col{flex-direction:column;justify-content:center;}}@media all and (max-width: 767px){.kadence-column6419_3ec275-9a > .kt-inside-inner-col{flex-direction:column;justify-content:center;}}<\/style>\n<div class=\"wp-block-kadence-column kadence-column6419_3ec275-9a\"><div class=\"kt-inside-inner-col\"><\/div><\/div>\n\n<\/div><\/div>","protected":false},"excerpt":{"rendered":"<p>Pol\u00edtica de Cookies Esta Pol\u00edtica de Cookies explica como o Guia Top 3 utiliza cookies e tecnologias semelhantes para reconhecer os visitantes quando acessam nosso site. O que s\u00e3o cookies? Cookies s\u00e3o pequenos arquivos de texto armazenados no seu dispositivo que ajudam o site a funcionar corretamente, a lembrar suas prefer\u00eancias e a melhorar sua [&hellip;]<\/p>\n","protected":false},"author":1,"featured_media":0,"parent":0,"menu_order":0,"comment_status":"closed","ping_status":"closed","template":"","meta":{"_acf_changed":false,"_citadela_hide_page_title":"1","_citadela_remove_header_space":"1","_citadela_custom_class":"","_citadela_half_map_provider":"","_citadela_half_map_theme":"","_citadela_half_map_themeOSM":"","_citadela_half_map_customTheme":"","_citadela_half_map_dataType":"","_citadela_half_map_dynamicTrack":false,"_citadela_half_map_trackColor":"","_citadela_half_map_trackEndpointsColor":"","_citadela_half_map_filterCategory":"","_citadela_half_map_filterLocation":"","_citadela_half_map_filterFeatured":false,"_citadela_half_map_noDataBehavior":"empty-map","_citadela_half_map_noDataText":"","_citadela_half_map_clusterGridSize":80,"_citadela_header":false,"_citadela_header_over_content":false,"_citadela_header_text_color":"","_citadela_header_logo":[],"_citadela_header_bg_image":[],"_citadela_header_bg_position":{"x":0.5,"y":0.5},"_citadela_header_bg_size":"cover","_citadela_header_bg_repeat":"no-repeat","_citadela_header_bg_fixed":false,"_citadela_header_bg_color":"","_citadela_header_bg_image_overlay":"","_citadela_header_transparent_bg":false,"_citadela_content_width":"","_citadela_half_layout_position":"","footnotes":""},"class_list":["post-6419","page","type-page","status-publish","hentry"],"acf":[],"_links":{"self":[{"href":"https:\/\/www.guiatop3.com.br\/index.php?rest_route=\/wp\/v2\/pages\/6419","targetHints":{"allow":["GET"]}}],"collection":[{"href":"https:\/\/www.guiatop3.com.br\/index.php?rest_route=\/wp\/v2\/pages"}],"about":[{"href":"https:\/\/www.guiatop3.com.br\/index.php?rest_route=\/wp\/v2\/types\/page"}],"author":[{"embeddable":true,"href":"https:\/\/www.guiatop3.com.br\/index.php?rest_route=\/wp\/v2\/users\/1"}],"replies":[{"embeddable":true,"href":"https:\/\/www.guiatop3.com.br\/index.php?rest_route=%2Fwp%2Fv2%2Fcomments&post=6419"}],"version-history":[{"count":1,"href":"https:\/\/www.guiatop3.com.br\/index.php?rest_route=\/wp\/v2\/pages\/6419\/revisions"}],"predecessor-version":[{"id":6420,"href":"https:\/\/www.guiatop3.com.br\/index.php?rest_route=\/wp\/v2\/pages\/6419\/revisions\/6420"}],"wp:attachment":[{"href":"https:\/\/www.guiatop3.com.br\/index.php?rest_route=%2Fwp%2Fv2%2Fmedia&parent=6419"}],"curies":[{"name":"wp","href":"https:\/\/api.w.org\/{rel}","templated":true}]}}