{"id":6421,"date":"2025-09-30T18:02:34","date_gmt":"2025-09-30T18:02:34","guid":{"rendered":"https:\/\/www.guiatop3.com.br\/?page_id=6421"},"modified":"2025-09-30T18:08:29","modified_gmt":"2025-09-30T18:08:29","slug":"politica-de-privacidade","status":"publish","type":"page","link":"https:\/\/www.guiatop3.com.br\/?page_id=6421","title":{"rendered":"Pol\u00edtica de Privacidade"},"content":{"rendered":"<style>.kb-row-layout-id6421_504209-30 > .kt-row-column-wrap{align-content:start;}:where(.kb-row-layout-id6421_504209-30 > .kt-row-column-wrap) > .wp-block-kadence-column{justify-content:start;}.kb-row-layout-id6421_504209-30 > .kt-row-column-wrap{column-gap:var(--global-kb-gap-sm, 1rem);row-gap:var(--global-kb-gap-md, 2rem);padding-top:var(--global-kb-spacing-sm, 1.5rem);padding-bottom:var(--global-kb-spacing-sm, 1.5rem);}.kb-row-layout-id6421_504209-30 > .kt-row-column-wrap > div:not(.added-for-specificity){grid-column:initial;}.kb-row-layout-id6421_504209-30 > .kt-row-column-wrap{grid-template-columns:minmax(0, 1fr) minmax(0, 6fr) minmax(0, 1fr);}.kb-row-layout-id6421_504209-30 > .kt-row-layout-overlay{opacity:0.30;}@media all and (max-width: 1024px){.kb-row-layout-id6421_504209-30 > .kt-row-column-wrap > div:not(.added-for-specificity){grid-column:initial;}}@media all and (max-width: 1024px){.kb-row-layout-id6421_504209-30 > .kt-row-column-wrap{grid-template-columns:minmax(0, 1fr) minmax(0, 6fr) minmax(0, 1fr);}}@media all and (max-width: 767px){.kb-row-layout-id6421_504209-30 > .kt-row-column-wrap > div:not(.added-for-specificity){grid-column:initial;}.kb-row-layout-id6421_504209-30 > .kt-row-column-wrap{grid-template-columns:minmax(0, 1fr);}}<\/style><div class=\"kb-row-layout-wrap kb-row-layout-id6421_504209-30 alignwide wp-block-kadence-rowlayout\"><div class=\"kt-row-column-wrap kt-has-3-columns kt-row-layout-center-exwide kt-tab-layout-inherit kt-mobile-layout-row kt-row-valign-top\">\n<style>.kadence-column6421_0923f3-6c > .kt-inside-inner-col,.kadence-column6421_0923f3-6c > .kt-inside-inner-col:before{border-top-left-radius:0px;border-top-right-radius:0px;border-bottom-right-radius:0px;border-bottom-left-radius:0px;}.kadence-column6421_0923f3-6c > .kt-inside-inner-col{column-gap:var(--global-kb-gap-sm, 1rem);}.kadence-column6421_0923f3-6c > .kt-inside-inner-col{flex-direction:column;}.kadence-column6421_0923f3-6c > .kt-inside-inner-col > .aligncenter{width:100%;}.kadence-column6421_0923f3-6c > .kt-inside-inner-col:before{opacity:0.3;}.kadence-column6421_0923f3-6c{position:relative;}@media all and (max-width: 1024px){.kadence-column6421_0923f3-6c > .kt-inside-inner-col{flex-direction:column;justify-content:center;}}@media all and (max-width: 767px){.kadence-column6421_0923f3-6c > .kt-inside-inner-col{flex-direction:column;justify-content:center;}}<\/style>\n<div class=\"wp-block-kadence-column kadence-column6421_0923f3-6c\"><div class=\"kt-inside-inner-col\"><\/div><\/div>\n\n\n<style>.kadence-column6421_4343a0-df > .kt-inside-inner-col,.kadence-column6421_4343a0-df > .kt-inside-inner-col:before{border-top-left-radius:0px;border-top-right-radius:0px;border-bottom-right-radius:0px;border-bottom-left-radius:0px;}.kadence-column6421_4343a0-df > .kt-inside-inner-col{column-gap:var(--global-kb-gap-sm, 1rem);}.kadence-column6421_4343a0-df > .kt-inside-inner-col{flex-direction:column;}.kadence-column6421_4343a0-df > .kt-inside-inner-col > .aligncenter{width:100%;}.kadence-column6421_4343a0-df > .kt-inside-inner-col:before{opacity:0.3;}.kadence-column6421_4343a0-df{position:relative;}@media all and (max-width: 1024px){.kadence-column6421_4343a0-df > .kt-inside-inner-col{flex-direction:column;justify-content:center;}}@media all and (max-width: 767px){.kadence-column6421_4343a0-df > .kt-inside-inner-col{flex-direction:column;justify-content:center;}}<\/style>\n<div class=\"wp-block-kadence-column kadence-column6421_4343a0-df\"><div class=\"kt-inside-inner-col\"><style>.wp-block-kadence-advancedheading.kt-adv-heading6421_ea8e0a-c9, .wp-block-kadence-advancedheading.kt-adv-heading6421_ea8e0a-c9[data-kb-block=\"kb-adv-heading6421_ea8e0a-c9\"]{text-align:center;font-style:normal;}.wp-block-kadence-advancedheading.kt-adv-heading6421_ea8e0a-c9 mark.kt-highlight, .wp-block-kadence-advancedheading.kt-adv-heading6421_ea8e0a-c9[data-kb-block=\"kb-adv-heading6421_ea8e0a-c9\"] mark.kt-highlight{font-style:normal;color:#f76a0c;-webkit-box-decoration-break:clone;box-decoration-break:clone;padding-top:0px;padding-right:0px;padding-bottom:0px;padding-left:0px;}.wp-block-kadence-advancedheading.kt-adv-heading6421_ea8e0a-c9 img.kb-inline-image, .wp-block-kadence-advancedheading.kt-adv-heading6421_ea8e0a-c9[data-kb-block=\"kb-adv-heading6421_ea8e0a-c9\"] img.kb-inline-image{width:150px;vertical-align:baseline;}<\/style>\n<h1 class=\"kt-adv-heading6421_ea8e0a-c9 wp-block-kadence-advancedheading\" data-kb-block=\"kb-adv-heading6421_ea8e0a-c9\">Pol\u00edtica de Privacidade<\/h1>\n\n\n<style>.wp-block-kadence-advancedheading.kt-adv-heading6421_a391e9-17, .wp-block-kadence-advancedheading.kt-adv-heading6421_a391e9-17[data-kb-block=\"kb-adv-heading6421_a391e9-17\"]{font-size:19px;font-style:normal;}.wp-block-kadence-advancedheading.kt-adv-heading6421_a391e9-17 mark.kt-highlight, .wp-block-kadence-advancedheading.kt-adv-heading6421_a391e9-17[data-kb-block=\"kb-adv-heading6421_a391e9-17\"] mark.kt-highlight{font-style:normal;color:#f76a0c;-webkit-box-decoration-break:clone;box-decoration-break:clone;padding-top:0px;padding-right:0px;padding-bottom:0px;padding-left:0px;}.wp-block-kadence-advancedheading.kt-adv-heading6421_a391e9-17 img.kb-inline-image, .wp-block-kadence-advancedheading.kt-adv-heading6421_a391e9-17[data-kb-block=\"kb-adv-heading6421_a391e9-17\"] img.kb-inline-image{width:150px;vertical-align:baseline;}<\/style>\n<p class=\"kt-adv-heading6421_a391e9-17 wp-block-kadence-advancedheading\" data-kb-block=\"kb-adv-heading6421_a391e9-17\">A sua privacidade \u00e9 importante para n\u00f3s. Esta Pol\u00edtica de Privacidade explica como o Guia Top 3 coleta, utiliza e protege as informa\u00e7\u00f5es pessoais dos visitantes.<\/p>\n\n\n<style>.wp-block-kadence-advancedheading.kt-adv-heading6421_ec9a98-c0, .wp-block-kadence-advancedheading.kt-adv-heading6421_ec9a98-c0[data-kb-block=\"kb-adv-heading6421_ec9a98-c0\"]{text-align:center;font-style:normal;}.wp-block-kadence-advancedheading.kt-adv-heading6421_ec9a98-c0 mark.kt-highlight, .wp-block-kadence-advancedheading.kt-adv-heading6421_ec9a98-c0[data-kb-block=\"kb-adv-heading6421_ec9a98-c0\"] mark.kt-highlight{font-style:normal;color:#f76a0c;-webkit-box-decoration-break:clone;box-decoration-break:clone;padding-top:0px;padding-right:0px;padding-bottom:0px;padding-left:0px;}.wp-block-kadence-advancedheading.kt-adv-heading6421_ec9a98-c0 img.kb-inline-image, .wp-block-kadence-advancedheading.kt-adv-heading6421_ec9a98-c0[data-kb-block=\"kb-adv-heading6421_ec9a98-c0\"] img.kb-inline-image{width:150px;vertical-align:baseline;}<\/style>\n<h2 class=\"kt-adv-heading6421_ec9a98-c0 wp-block-kadence-advancedheading\" data-kb-block=\"kb-adv-heading6421_ec9a98-c0\">Coleta de informa\u00e7\u00f5es<\/h2>\n\n\n<style>.wp-block-kadence-advancedheading.kt-adv-heading6421_f5b35e-28, .wp-block-kadence-advancedheading.kt-adv-heading6421_f5b35e-28[data-kb-block=\"kb-adv-heading6421_f5b35e-28\"]{font-size:19px;font-style:normal;}.wp-block-kadence-advancedheading.kt-adv-heading6421_f5b35e-28 mark.kt-highlight, .wp-block-kadence-advancedheading.kt-adv-heading6421_f5b35e-28[data-kb-block=\"kb-adv-heading6421_f5b35e-28\"] mark.kt-highlight{font-style:normal;color:#f76a0c;-webkit-box-decoration-break:clone;box-decoration-break:clone;padding-top:0px;padding-right:0px;padding-bottom:0px;padding-left:0px;}.wp-block-kadence-advancedheading.kt-adv-heading6421_f5b35e-28 img.kb-inline-image, .wp-block-kadence-advancedheading.kt-adv-heading6421_f5b35e-28[data-kb-block=\"kb-adv-heading6421_f5b35e-28\"] img.kb-inline-image{width:150px;vertical-align:baseline;}<\/style>\n<p class=\"kt-adv-heading6421_f5b35e-28 wp-block-kadence-advancedheading\" data-kb-block=\"kb-adv-heading6421_f5b35e-28\">Coletamos dados pessoais fornecidos voluntariamente (como nome e e-mail em formul\u00e1rios de contato ou newsletter) e dados coletados automaticamente (como endere\u00e7o IP, tipo de dispositivo e navegador, por meio de cookies).<\/p>\n\n\n<style>.wp-block-kadence-advancedheading.kt-adv-heading6421_8296ea-65, .wp-block-kadence-advancedheading.kt-adv-heading6421_8296ea-65[data-kb-block=\"kb-adv-heading6421_8296ea-65\"]{text-align:center;font-style:normal;}.wp-block-kadence-advancedheading.kt-adv-heading6421_8296ea-65 mark.kt-highlight, .wp-block-kadence-advancedheading.kt-adv-heading6421_8296ea-65[data-kb-block=\"kb-adv-heading6421_8296ea-65\"] mark.kt-highlight{font-style:normal;color:#f76a0c;-webkit-box-decoration-break:clone;box-decoration-break:clone;padding-top:0px;padding-right:0px;padding-bottom:0px;padding-left:0px;}.wp-block-kadence-advancedheading.kt-adv-heading6421_8296ea-65 img.kb-inline-image, .wp-block-kadence-advancedheading.kt-adv-heading6421_8296ea-65[data-kb-block=\"kb-adv-heading6421_8296ea-65\"] img.kb-inline-image{width:150px;vertical-align:baseline;}<\/style>\n<h2 class=\"kt-adv-heading6421_8296ea-65 wp-block-kadence-advancedheading\" data-kb-block=\"kb-adv-heading6421_8296ea-65\">Uso das informa\u00e7\u00f5es<\/h2>\n\n\n\n<ul style=\"font-size:19px\" class=\"wp-block-list\">\n<li>Melhorar a experi\u00eancia de navega\u00e7\u00e3o<\/li>\n\n\n\n<li>Personalizar conte\u00fados e an\u00fancios<\/li>\n\n\n\n<li>Responder a contatos e solicita\u00e7\u00f5es<\/li>\n\n\n\n<li>Enviar atualiza\u00e7\u00f5es e materiais promocionais (quando autorizado pelo usu\u00e1rio)<\/li>\n\n\n\n<li>Atender requisitos legais e regulat\u00f3rios<\/li>\n<\/ul>\n\n\n<style>.wp-block-kadence-advancedheading.kt-adv-heading6421_667b9d-51, .wp-block-kadence-advancedheading.kt-adv-heading6421_667b9d-51[data-kb-block=\"kb-adv-heading6421_667b9d-51\"]{text-align:center;font-style:normal;}.wp-block-kadence-advancedheading.kt-adv-heading6421_667b9d-51 mark.kt-highlight, .wp-block-kadence-advancedheading.kt-adv-heading6421_667b9d-51[data-kb-block=\"kb-adv-heading6421_667b9d-51\"] mark.kt-highlight{font-style:normal;color:#f76a0c;-webkit-box-decoration-break:clone;box-decoration-break:clone;padding-top:0px;padding-right:0px;padding-bottom:0px;padding-left:0px;}.wp-block-kadence-advancedheading.kt-adv-heading6421_667b9d-51 img.kb-inline-image, .wp-block-kadence-advancedheading.kt-adv-heading6421_667b9d-51[data-kb-block=\"kb-adv-heading6421_667b9d-51\"] img.kb-inline-image{width:150px;vertical-align:baseline;}<\/style>\n<h2 class=\"kt-adv-heading6421_667b9d-51 wp-block-kadence-advancedheading\" data-kb-block=\"kb-adv-heading6421_667b9d-51\">Compartilhamento de informa\u00e7\u00f5es<\/h2>\n\n\n<style>.wp-block-kadence-advancedheading.kt-adv-heading6421_fcc887-03, .wp-block-kadence-advancedheading.kt-adv-heading6421_fcc887-03[data-kb-block=\"kb-adv-heading6421_fcc887-03\"]{font-size:19px;font-style:normal;}.wp-block-kadence-advancedheading.kt-adv-heading6421_fcc887-03 mark.kt-highlight, .wp-block-kadence-advancedheading.kt-adv-heading6421_fcc887-03[data-kb-block=\"kb-adv-heading6421_fcc887-03\"] mark.kt-highlight{font-style:normal;color:#f76a0c;-webkit-box-decoration-break:clone;box-decoration-break:clone;padding-top:0px;padding-right:0px;padding-bottom:0px;padding-left:0px;}.wp-block-kadence-advancedheading.kt-adv-heading6421_fcc887-03 img.kb-inline-image, .wp-block-kadence-advancedheading.kt-adv-heading6421_fcc887-03[data-kb-block=\"kb-adv-heading6421_fcc887-03\"] img.kb-inline-image{width:150px;vertical-align:baseline;}<\/style>\n<p class=\"kt-adv-heading6421_fcc887-03 wp-block-kadence-advancedheading\" data-kb-block=\"kb-adv-heading6421_fcc887-03\">N\u00e3o vendemos nem compartilhamos suas informa\u00e7\u00f5es pessoais com terceiros, exceto:<\/p>\n\n\n\n<ul style=\"font-size:19px\" class=\"wp-block-list\">\n<li>Parceiros de an\u00fancios (ex: Google AdSense)<\/li>\n\n\n\n<li>Plataformas de afiliados (Amazon, Mercado Livre)<\/li>\n\n\n\n<li>Quando exigido por lei<\/li>\n<\/ul>\n\n\n<style>.wp-block-kadence-advancedheading.kt-adv-heading6421_5cc48f-23, .wp-block-kadence-advancedheading.kt-adv-heading6421_5cc48f-23[data-kb-block=\"kb-adv-heading6421_5cc48f-23\"]{text-align:center;font-style:normal;}.wp-block-kadence-advancedheading.kt-adv-heading6421_5cc48f-23 mark.kt-highlight, .wp-block-kadence-advancedheading.kt-adv-heading6421_5cc48f-23[data-kb-block=\"kb-adv-heading6421_5cc48f-23\"] mark.kt-highlight{font-style:normal;color:#f76a0c;-webkit-box-decoration-break:clone;box-decoration-break:clone;padding-top:0px;padding-right:0px;padding-bottom:0px;padding-left:0px;}.wp-block-kadence-advancedheading.kt-adv-heading6421_5cc48f-23 img.kb-inline-image, .wp-block-kadence-advancedheading.kt-adv-heading6421_5cc48f-23[data-kb-block=\"kb-adv-heading6421_5cc48f-23\"] img.kb-inline-image{width:150px;vertical-align:baseline;}<\/style>\n<h2 class=\"kt-adv-heading6421_5cc48f-23 wp-block-kadence-advancedheading\" data-kb-block=\"kb-adv-heading6421_5cc48f-23\">Prote\u00e7\u00e3o dos dados<\/h2>\n\n\n<style>.wp-block-kadence-advancedheading.kt-adv-heading6421_10af2d-aa, .wp-block-kadence-advancedheading.kt-adv-heading6421_10af2d-aa[data-kb-block=\"kb-adv-heading6421_10af2d-aa\"]{font-size:19px;font-style:normal;}.wp-block-kadence-advancedheading.kt-adv-heading6421_10af2d-aa mark.kt-highlight, .wp-block-kadence-advancedheading.kt-adv-heading6421_10af2d-aa[data-kb-block=\"kb-adv-heading6421_10af2d-aa\"] mark.kt-highlight{font-style:normal;color:#f76a0c;-webkit-box-decoration-break:clone;box-decoration-break:clone;padding-top:0px;padding-right:0px;padding-bottom:0px;padding-left:0px;}.wp-block-kadence-advancedheading.kt-adv-heading6421_10af2d-aa img.kb-inline-image, .wp-block-kadence-advancedheading.kt-adv-heading6421_10af2d-aa[data-kb-block=\"kb-adv-heading6421_10af2d-aa\"] img.kb-inline-image{width:150px;vertical-align:baseline;}<\/style>\n<p class=\"kt-adv-heading6421_10af2d-aa wp-block-kadence-advancedheading\" data-kb-block=\"kb-adv-heading6421_10af2d-aa\">Implementamos medidas t\u00e9cnicas e organizacionais para proteger seus dados contra acesso n\u00e3o autorizado, perda ou altera\u00e7\u00e3o.<\/p>\n\n\n<style>.wp-block-kadence-advancedheading.kt-adv-heading6421_7c4f96-a9, .wp-block-kadence-advancedheading.kt-adv-heading6421_7c4f96-a9[data-kb-block=\"kb-adv-heading6421_7c4f96-a9\"]{text-align:center;font-style:normal;}.wp-block-kadence-advancedheading.kt-adv-heading6421_7c4f96-a9 mark.kt-highlight, .wp-block-kadence-advancedheading.kt-adv-heading6421_7c4f96-a9[data-kb-block=\"kb-adv-heading6421_7c4f96-a9\"] mark.kt-highlight{font-style:normal;color:#f76a0c;-webkit-box-decoration-break:clone;box-decoration-break:clone;padding-top:0px;padding-right:0px;padding-bottom:0px;padding-left:0px;}.wp-block-kadence-advancedheading.kt-adv-heading6421_7c4f96-a9 img.kb-inline-image, .wp-block-kadence-advancedheading.kt-adv-heading6421_7c4f96-a9[data-kb-block=\"kb-adv-heading6421_7c4f96-a9\"] img.kb-inline-image{width:150px;vertical-align:baseline;}<\/style>\n<h2 class=\"kt-adv-heading6421_7c4f96-a9 wp-block-kadence-advancedheading\" data-kb-block=\"kb-adv-heading6421_7c4f96-a9\">Direitos do usu\u00e1rio<\/h2>\n\n\n<style>.wp-block-kadence-advancedheading.kt-adv-heading6421_b67cea-7b, .wp-block-kadence-advancedheading.kt-adv-heading6421_b67cea-7b[data-kb-block=\"kb-adv-heading6421_b67cea-7b\"]{font-size:19px;font-style:normal;}.wp-block-kadence-advancedheading.kt-adv-heading6421_b67cea-7b mark.kt-highlight, .wp-block-kadence-advancedheading.kt-adv-heading6421_b67cea-7b[data-kb-block=\"kb-adv-heading6421_b67cea-7b\"] mark.kt-highlight{font-style:normal;color:#f76a0c;-webkit-box-decoration-break:clone;box-decoration-break:clone;padding-top:0px;padding-right:0px;padding-bottom:0px;padding-left:0px;}.wp-block-kadence-advancedheading.kt-adv-heading6421_b67cea-7b img.kb-inline-image, .wp-block-kadence-advancedheading.kt-adv-heading6421_b67cea-7b[data-kb-block=\"kb-adv-heading6421_b67cea-7b\"] img.kb-inline-image{width:150px;vertical-align:baseline;}<\/style>\n<p class=\"kt-adv-heading6421_b67cea-7b wp-block-kadence-advancedheading\" data-kb-block=\"kb-adv-heading6421_b67cea-7b\">De acordo com a LGPD, GDPR e CCPA, voc\u00ea tem direito de:<\/p>\n\n\n\n<ul style=\"font-size:19px\" class=\"wp-block-list\">\n<li>Acessar, corrigir ou excluir seus dados<\/li>\n\n\n\n<li>Solicitar portabilidade<\/li>\n\n\n\n<li>Revogar consentimento<\/li>\n\n\n\n<li>Restringir ou se opor ao tratamento de dados<\/li>\n<\/ul>\n\n\n<style>.wp-block-kadence-advancedheading.kt-adv-heading6421_27a924-cb, .wp-block-kadence-advancedheading.kt-adv-heading6421_27a924-cb[data-kb-block=\"kb-adv-heading6421_27a924-cb\"]{text-align:center;font-style:normal;}.wp-block-kadence-advancedheading.kt-adv-heading6421_27a924-cb mark.kt-highlight, .wp-block-kadence-advancedheading.kt-adv-heading6421_27a924-cb[data-kb-block=\"kb-adv-heading6421_27a924-cb\"] mark.kt-highlight{font-style:normal;color:#f76a0c;-webkit-box-decoration-break:clone;box-decoration-break:clone;padding-top:0px;padding-right:0px;padding-bottom:0px;padding-left:0px;}.wp-block-kadence-advancedheading.kt-adv-heading6421_27a924-cb img.kb-inline-image, .wp-block-kadence-advancedheading.kt-adv-heading6421_27a924-cb[data-kb-block=\"kb-adv-heading6421_27a924-cb\"] img.kb-inline-image{width:150px;vertical-align:baseline;}<\/style>\n<h2 class=\"kt-adv-heading6421_27a924-cb wp-block-kadence-advancedheading\" data-kb-block=\"kb-adv-heading6421_27a924-cb\">Contato<\/h2>\n\n\n<style>.wp-block-kadence-advancedheading.kt-adv-heading6421_99206d-57, .wp-block-kadence-advancedheading.kt-adv-heading6421_99206d-57[data-kb-block=\"kb-adv-heading6421_99206d-57\"]{font-size:19px;font-style:normal;}.wp-block-kadence-advancedheading.kt-adv-heading6421_99206d-57 mark.kt-highlight, .wp-block-kadence-advancedheading.kt-adv-heading6421_99206d-57[data-kb-block=\"kb-adv-heading6421_99206d-57\"] mark.kt-highlight{font-style:normal;color:#f76a0c;-webkit-box-decoration-break:clone;box-decoration-break:clone;padding-top:0px;padding-right:0px;padding-bottom:0px;padding-left:0px;}.wp-block-kadence-advancedheading.kt-adv-heading6421_99206d-57 img.kb-inline-image, .wp-block-kadence-advancedheading.kt-adv-heading6421_99206d-57[data-kb-block=\"kb-adv-heading6421_99206d-57\"] img.kb-inline-image{width:150px;vertical-align:baseline;}<\/style>\n<p class=\"kt-adv-heading6421_99206d-57 wp-block-kadence-advancedheading\" data-kb-block=\"kb-adv-heading6421_99206d-57\">Para solicita\u00e7\u00f5es relacionadas \u00e0 privacidade, entre em contato pelo e-mail: <strong><em>contato@guiatop3.com.br<\/em><\/strong><\/p>\n<\/div><\/div>\n\n\n<style>.kadence-column6421_082f03-bf > .kt-inside-inner-col,.kadence-column6421_082f03-bf > .kt-inside-inner-col:before{border-top-left-radius:0px;border-top-right-radius:0px;border-bottom-right-radius:0px;border-bottom-left-radius:0px;}.kadence-column6421_082f03-bf > .kt-inside-inner-col{column-gap:var(--global-kb-gap-sm, 1rem);}.kadence-column6421_082f03-bf > .kt-inside-inner-col{flex-direction:column;}.kadence-column6421_082f03-bf > .kt-inside-inner-col > .aligncenter{width:100%;}.kadence-column6421_082f03-bf > .kt-inside-inner-col:before{opacity:0.3;}.kadence-column6421_082f03-bf{position:relative;}@media all and (max-width: 1024px){.kadence-column6421_082f03-bf > .kt-inside-inner-col{flex-direction:column;justify-content:center;}}@media all and (max-width: 767px){.kadence-column6421_082f03-bf > .kt-inside-inner-col{flex-direction:column;justify-content:center;}}<\/style>\n<div class=\"wp-block-kadence-column kadence-column6421_082f03-bf\"><div class=\"kt-inside-inner-col\"><\/div><\/div>\n\n<\/div><\/div>","protected":false},"excerpt":{"rendered":"<p>Pol\u00edtica de Privacidade A sua privacidade \u00e9 importante para n\u00f3s. Esta Pol\u00edtica de Privacidade explica como o Guia Top 3 coleta, utiliza e protege as informa\u00e7\u00f5es pessoais dos visitantes. Coleta de informa\u00e7\u00f5es Coletamos dados pessoais fornecidos voluntariamente (como nome e e-mail em formul\u00e1rios de contato ou newsletter) e dados coletados automaticamente (como endere\u00e7o IP, tipo [&hellip;]<\/p>\n","protected":false},"author":1,"featured_media":0,"parent":0,"menu_order":0,"comment_status":"closed","ping_status":"closed","template":"","meta":{"_acf_changed":false,"_citadela_hide_page_title":"1","_citadela_remove_header_space":"1","_citadela_custom_class":"","_citadela_half_map_provider":"","_citadela_half_map_theme":"","_citadela_half_map_themeOSM":"","_citadela_half_map_customTheme":"","_citadela_half_map_dataType":"","_citadela_half_map_dynamicTrack":false,"_citadela_half_map_trackColor":"","_citadela_half_map_trackEndpointsColor":"","_citadela_half_map_filterCategory":"","_citadela_half_map_filterLocation":"","_citadela_half_map_filterFeatured":false,"_citadela_half_map_noDataBehavior":"empty-map","_citadela_half_map_noDataText":"","_citadela_half_map_clusterGridSize":80,"_citadela_header":false,"_citadela_header_over_content":false,"_citadela_header_text_color":"","_citadela_header_logo":[],"_citadela_header_bg_image":[],"_citadela_header_bg_position":{"x":0.5,"y":0.5},"_citadela_header_bg_size":"cover","_citadela_header_bg_repeat":"no-repeat","_citadela_header_bg_fixed":false,"_citadela_header_bg_color":"","_citadela_header_bg_image_overlay":"","_citadela_header_transparent_bg":false,"_citadela_content_width":"","_citadela_half_layout_position":"","footnotes":""},"class_list":["post-6421","page","type-page","status-publish","hentry"],"acf":[],"_links":{"self":[{"href":"https:\/\/www.guiatop3.com.br\/index.php?rest_route=\/wp\/v2\/pages\/6421","targetHints":{"allow":["GET"]}}],"collection":[{"href":"https:\/\/www.guiatop3.com.br\/index.php?rest_route=\/wp\/v2\/pages"}],"about":[{"href":"https:\/\/www.guiatop3.com.br\/index.php?rest_route=\/wp\/v2\/types\/page"}],"author":[{"embeddable":true,"href":"https:\/\/www.guiatop3.com.br\/index.php?rest_route=\/wp\/v2\/users\/1"}],"replies":[{"embeddable":true,"href":"https:\/\/www.guiatop3.com.br\/index.php?rest_route=%2Fwp%2Fv2%2Fcomments&post=6421"}],"version-history":[{"count":2,"href":"https:\/\/www.guiatop3.com.br\/index.php?rest_route=\/wp\/v2\/pages\/6421\/revisions"}],"predecessor-version":[{"id":6425,"href":"https:\/\/www.guiatop3.com.br\/index.php?rest_route=\/wp\/v2\/pages\/6421\/revisions\/6425"}],"wp:attachment":[{"href":"https:\/\/www.guiatop3.com.br\/index.php?rest_route=%2Fwp%2Fv2%2Fmedia&parent=6421"}],"curies":[{"name":"wp","href":"https:\/\/api.w.org\/{rel}","templated":true}]}}