{"id":6423,"date":"2025-09-30T18:07:38","date_gmt":"2025-09-30T18:07:38","guid":{"rendered":"https:\/\/www.guiatop3.com.br\/?page_id=6423"},"modified":"2025-09-30T18:07:39","modified_gmt":"2025-09-30T18:07:39","slug":"termos-e-condicoes","status":"publish","type":"page","link":"https:\/\/www.guiatop3.com.br\/?page_id=6423","title":{"rendered":"Termos e Condi\u00e7\u00f5es"},"content":{"rendered":"<style>.kb-row-layout-id6423_1d2697-f5 > .kt-row-column-wrap{align-content:start;}:where(.kb-row-layout-id6423_1d2697-f5 > .kt-row-column-wrap) > .wp-block-kadence-column{justify-content:start;}.kb-row-layout-id6423_1d2697-f5 > .kt-row-column-wrap{column-gap:var(--global-kb-gap-sm, 1rem);row-gap:var(--global-kb-gap-md, 2rem);padding-top:var(--global-kb-spacing-sm, 1.5rem);padding-bottom:var(--global-kb-spacing-sm, 1.5rem);}.kb-row-layout-id6423_1d2697-f5 > .kt-row-column-wrap > div:not(.added-for-specificity){grid-column:initial;}.kb-row-layout-id6423_1d2697-f5 > .kt-row-column-wrap{grid-template-columns:minmax(0, 1fr) minmax(0, 6fr) minmax(0, 1fr);}.kb-row-layout-id6423_1d2697-f5 > .kt-row-layout-overlay{opacity:0.30;}@media all and (max-width: 1024px){.kb-row-layout-id6423_1d2697-f5 > .kt-row-column-wrap > div:not(.added-for-specificity){grid-column:initial;}}@media all and (max-width: 1024px){.kb-row-layout-id6423_1d2697-f5 > .kt-row-column-wrap{grid-template-columns:minmax(0, 1fr) minmax(0, 6fr) minmax(0, 1fr);}}@media all and (max-width: 767px){.kb-row-layout-id6423_1d2697-f5 > .kt-row-column-wrap > div:not(.added-for-specificity){grid-column:initial;}.kb-row-layout-id6423_1d2697-f5 > .kt-row-column-wrap{grid-template-columns:minmax(0, 1fr);}}<\/style><div class=\"kb-row-layout-wrap kb-row-layout-id6423_1d2697-f5 alignwide wp-block-kadence-rowlayout\"><div class=\"kt-row-column-wrap kt-has-3-columns kt-row-layout-center-exwide kt-tab-layout-inherit kt-mobile-layout-row kt-row-valign-top\">\n<style>.kadence-column6423_286414-f4 > .kt-inside-inner-col,.kadence-column6423_286414-f4 > .kt-inside-inner-col:before{border-top-left-radius:0px;border-top-right-radius:0px;border-bottom-right-radius:0px;border-bottom-left-radius:0px;}.kadence-column6423_286414-f4 > .kt-inside-inner-col{column-gap:var(--global-kb-gap-sm, 1rem);}.kadence-column6423_286414-f4 > .kt-inside-inner-col{flex-direction:column;}.kadence-column6423_286414-f4 > .kt-inside-inner-col > .aligncenter{width:100%;}.kadence-column6423_286414-f4 > .kt-inside-inner-col:before{opacity:0.3;}.kadence-column6423_286414-f4{position:relative;}@media all and (max-width: 1024px){.kadence-column6423_286414-f4 > .kt-inside-inner-col{flex-direction:column;justify-content:center;}}@media all and (max-width: 767px){.kadence-column6423_286414-f4 > .kt-inside-inner-col{flex-direction:column;justify-content:center;}}<\/style>\n<div class=\"wp-block-kadence-column kadence-column6423_286414-f4\"><div class=\"kt-inside-inner-col\"><\/div><\/div>\n\n\n<style>.kadence-column6423_dbe869-a9 > .kt-inside-inner-col,.kadence-column6423_dbe869-a9 > .kt-inside-inner-col:before{border-top-left-radius:0px;border-top-right-radius:0px;border-bottom-right-radius:0px;border-bottom-left-radius:0px;}.kadence-column6423_dbe869-a9 > .kt-inside-inner-col{column-gap:var(--global-kb-gap-sm, 1rem);}.kadence-column6423_dbe869-a9 > .kt-inside-inner-col{flex-direction:column;}.kadence-column6423_dbe869-a9 > .kt-inside-inner-col > .aligncenter{width:100%;}.kadence-column6423_dbe869-a9 > .kt-inside-inner-col:before{opacity:0.3;}.kadence-column6423_dbe869-a9{position:relative;}@media all and (max-width: 1024px){.kadence-column6423_dbe869-a9 > .kt-inside-inner-col{flex-direction:column;justify-content:center;}}@media all and (max-width: 767px){.kadence-column6423_dbe869-a9 > .kt-inside-inner-col{flex-direction:column;justify-content:center;}}<\/style>\n<div class=\"wp-block-kadence-column kadence-column6423_dbe869-a9\"><div class=\"kt-inside-inner-col\"><style>.wp-block-kadence-advancedheading.kt-adv-heading6423_f9d41b-08, .wp-block-kadence-advancedheading.kt-adv-heading6423_f9d41b-08[data-kb-block=\"kb-adv-heading6423_f9d41b-08\"]{text-align:center;font-style:normal;}.wp-block-kadence-advancedheading.kt-adv-heading6423_f9d41b-08 mark.kt-highlight, .wp-block-kadence-advancedheading.kt-adv-heading6423_f9d41b-08[data-kb-block=\"kb-adv-heading6423_f9d41b-08\"] mark.kt-highlight{font-style:normal;color:#f76a0c;-webkit-box-decoration-break:clone;box-decoration-break:clone;padding-top:0px;padding-right:0px;padding-bottom:0px;padding-left:0px;}.wp-block-kadence-advancedheading.kt-adv-heading6423_f9d41b-08 img.kb-inline-image, .wp-block-kadence-advancedheading.kt-adv-heading6423_f9d41b-08[data-kb-block=\"kb-adv-heading6423_f9d41b-08\"] img.kb-inline-image{width:150px;vertical-align:baseline;}<\/style>\n<h1 class=\"kt-adv-heading6423_f9d41b-08 wp-block-kadence-advancedheading\" data-kb-block=\"kb-adv-heading6423_f9d41b-08\">Termos e Condi\u00e7\u00f5es de Uso<\/h1>\n\n\n<style>.wp-block-kadence-advancedheading.kt-adv-heading6423_2e241e-75, .wp-block-kadence-advancedheading.kt-adv-heading6423_2e241e-75[data-kb-block=\"kb-adv-heading6423_2e241e-75\"]{font-size:19px;font-style:normal;}.wp-block-kadence-advancedheading.kt-adv-heading6423_2e241e-75 mark.kt-highlight, .wp-block-kadence-advancedheading.kt-adv-heading6423_2e241e-75[data-kb-block=\"kb-adv-heading6423_2e241e-75\"] mark.kt-highlight{font-style:normal;color:#f76a0c;-webkit-box-decoration-break:clone;box-decoration-break:clone;padding-top:0px;padding-right:0px;padding-bottom:0px;padding-left:0px;}.wp-block-kadence-advancedheading.kt-adv-heading6423_2e241e-75 img.kb-inline-image, .wp-block-kadence-advancedheading.kt-adv-heading6423_2e241e-75[data-kb-block=\"kb-adv-heading6423_2e241e-75\"] img.kb-inline-image{width:150px;vertical-align:baseline;}<\/style>\n<p class=\"kt-adv-heading6423_2e241e-75 wp-block-kadence-advancedheading\" data-kb-block=\"kb-adv-heading6423_2e241e-75\">Ao acessar e utilizar o site Guia Top 3, voc\u00ea concorda com os seguintes Termos e Condi\u00e7\u00f5es. Recomendamos que leia este documento com aten\u00e7\u00e3o.<\/p>\n\n\n<style>.wp-block-kadence-advancedheading.kt-adv-heading6423_6062c4-3c, .wp-block-kadence-advancedheading.kt-adv-heading6423_6062c4-3c[data-kb-block=\"kb-adv-heading6423_6062c4-3c\"]{text-align:center;font-style:normal;}.wp-block-kadence-advancedheading.kt-adv-heading6423_6062c4-3c mark.kt-highlight, .wp-block-kadence-advancedheading.kt-adv-heading6423_6062c4-3c[data-kb-block=\"kb-adv-heading6423_6062c4-3c\"] mark.kt-highlight{font-style:normal;color:#f76a0c;-webkit-box-decoration-break:clone;box-decoration-break:clone;padding-top:0px;padding-right:0px;padding-bottom:0px;padding-left:0px;}.wp-block-kadence-advancedheading.kt-adv-heading6423_6062c4-3c img.kb-inline-image, .wp-block-kadence-advancedheading.kt-adv-heading6423_6062c4-3c[data-kb-block=\"kb-adv-heading6423_6062c4-3c\"] img.kb-inline-image{width:150px;vertical-align:baseline;}<\/style>\n<h2 class=\"kt-adv-heading6423_6062c4-3c wp-block-kadence-advancedheading\" data-kb-block=\"kb-adv-heading6423_6062c4-3c\">Uso do conte\u00fado<\/h2>\n\n\n<style>.wp-block-kadence-advancedheading.kt-adv-heading6423_c771c1-03, .wp-block-kadence-advancedheading.kt-adv-heading6423_c771c1-03[data-kb-block=\"kb-adv-heading6423_c771c1-03\"]{font-size:19px;font-style:normal;}.wp-block-kadence-advancedheading.kt-adv-heading6423_c771c1-03 mark.kt-highlight, .wp-block-kadence-advancedheading.kt-adv-heading6423_c771c1-03[data-kb-block=\"kb-adv-heading6423_c771c1-03\"] mark.kt-highlight{font-style:normal;color:#f76a0c;-webkit-box-decoration-break:clone;box-decoration-break:clone;padding-top:0px;padding-right:0px;padding-bottom:0px;padding-left:0px;}.wp-block-kadence-advancedheading.kt-adv-heading6423_c771c1-03 img.kb-inline-image, .wp-block-kadence-advancedheading.kt-adv-heading6423_c771c1-03[data-kb-block=\"kb-adv-heading6423_c771c1-03\"] img.kb-inline-image{width:150px;vertical-align:baseline;}<\/style>\n<p class=\"kt-adv-heading6423_c771c1-03 wp-block-kadence-advancedheading\" data-kb-block=\"kb-adv-heading6423_c771c1-03\">O conte\u00fado publicado no Guia Top 3 \u00e9 de car\u00e1ter informativo e opinativo, n\u00e3o substituindo orienta\u00e7\u00f5es t\u00e9cnicas ou profissionais. O usu\u00e1rio \u00e9 respons\u00e1vel por suas decis\u00f5es de compra.<\/p>\n\n\n<style>.wp-block-kadence-advancedheading.kt-adv-heading6423_3345e1-d5, .wp-block-kadence-advancedheading.kt-adv-heading6423_3345e1-d5[data-kb-block=\"kb-adv-heading6423_3345e1-d5\"]{text-align:center;font-style:normal;}.wp-block-kadence-advancedheading.kt-adv-heading6423_3345e1-d5 mark.kt-highlight, .wp-block-kadence-advancedheading.kt-adv-heading6423_3345e1-d5[data-kb-block=\"kb-adv-heading6423_3345e1-d5\"] mark.kt-highlight{font-style:normal;color:#f76a0c;-webkit-box-decoration-break:clone;box-decoration-break:clone;padding-top:0px;padding-right:0px;padding-bottom:0px;padding-left:0px;}.wp-block-kadence-advancedheading.kt-adv-heading6423_3345e1-d5 img.kb-inline-image, .wp-block-kadence-advancedheading.kt-adv-heading6423_3345e1-d5[data-kb-block=\"kb-adv-heading6423_3345e1-d5\"] img.kb-inline-image{width:150px;vertical-align:baseline;}<\/style>\n<h2 class=\"kt-adv-heading6423_3345e1-d5 wp-block-kadence-advancedheading\" data-kb-block=\"kb-adv-heading6423_3345e1-d5\">Afiliados e comiss\u00f5es<\/h2>\n\n\n<style>.wp-block-kadence-advancedheading.kt-adv-heading6423_4d6400-47, .wp-block-kadence-advancedheading.kt-adv-heading6423_4d6400-47[data-kb-block=\"kb-adv-heading6423_4d6400-47\"]{font-size:19px;font-style:normal;}.wp-block-kadence-advancedheading.kt-adv-heading6423_4d6400-47 mark.kt-highlight, .wp-block-kadence-advancedheading.kt-adv-heading6423_4d6400-47[data-kb-block=\"kb-adv-heading6423_4d6400-47\"] mark.kt-highlight{font-style:normal;color:#f76a0c;-webkit-box-decoration-break:clone;box-decoration-break:clone;padding-top:0px;padding-right:0px;padding-bottom:0px;padding-left:0px;}.wp-block-kadence-advancedheading.kt-adv-heading6423_4d6400-47 img.kb-inline-image, .wp-block-kadence-advancedheading.kt-adv-heading6423_4d6400-47[data-kb-block=\"kb-adv-heading6423_4d6400-47\"] img.kb-inline-image{width:150px;vertical-align:baseline;}<\/style>\n<p class=\"kt-adv-heading6423_4d6400-47 wp-block-kadence-advancedheading\" data-kb-block=\"kb-adv-heading6423_4d6400-47\">Trabalhamos com links de afiliados da Amazon e Mercado Livre. Isso significa que podemos receber uma comiss\u00e3o pelas compras feitas por meio de nossos links, sem custo adicional ao usu\u00e1rio.<\/p>\n\n\n<style>.wp-block-kadence-advancedheading.kt-adv-heading6423_509bbb-12, .wp-block-kadence-advancedheading.kt-adv-heading6423_509bbb-12[data-kb-block=\"kb-adv-heading6423_509bbb-12\"]{text-align:center;font-style:normal;}.wp-block-kadence-advancedheading.kt-adv-heading6423_509bbb-12 mark.kt-highlight, .wp-block-kadence-advancedheading.kt-adv-heading6423_509bbb-12[data-kb-block=\"kb-adv-heading6423_509bbb-12\"] mark.kt-highlight{font-style:normal;color:#f76a0c;-webkit-box-decoration-break:clone;box-decoration-break:clone;padding-top:0px;padding-right:0px;padding-bottom:0px;padding-left:0px;}.wp-block-kadence-advancedheading.kt-adv-heading6423_509bbb-12 img.kb-inline-image, .wp-block-kadence-advancedheading.kt-adv-heading6423_509bbb-12[data-kb-block=\"kb-adv-heading6423_509bbb-12\"] img.kb-inline-image{width:150px;vertical-align:baseline;}<\/style>\n<h2 class=\"kt-adv-heading6423_509bbb-12 wp-block-kadence-advancedheading\" data-kb-block=\"kb-adv-heading6423_509bbb-12\">Responsabilidade<\/h2>\n\n\n<style>.wp-block-kadence-advancedheading.kt-adv-heading6423_5fc9f1-07, .wp-block-kadence-advancedheading.kt-adv-heading6423_5fc9f1-07[data-kb-block=\"kb-adv-heading6423_5fc9f1-07\"]{font-size:19px;font-style:normal;}.wp-block-kadence-advancedheading.kt-adv-heading6423_5fc9f1-07 mark.kt-highlight, .wp-block-kadence-advancedheading.kt-adv-heading6423_5fc9f1-07[data-kb-block=\"kb-adv-heading6423_5fc9f1-07\"] mark.kt-highlight{font-style:normal;color:#f76a0c;-webkit-box-decoration-break:clone;box-decoration-break:clone;padding-top:0px;padding-right:0px;padding-bottom:0px;padding-left:0px;}.wp-block-kadence-advancedheading.kt-adv-heading6423_5fc9f1-07 img.kb-inline-image, .wp-block-kadence-advancedheading.kt-adv-heading6423_5fc9f1-07[data-kb-block=\"kb-adv-heading6423_5fc9f1-07\"] img.kb-inline-image{width:150px;vertical-align:baseline;}<\/style>\n<p class=\"kt-adv-heading6423_5fc9f1-07 wp-block-kadence-advancedheading\" data-kb-block=\"kb-adv-heading6423_5fc9f1-07\">N\u00e3o nos responsabilizamos por eventuais problemas relacionados a compras feitas em sites de terceiros (Amazon, Mercado Livre, etc.), incluindo entrega, garantia, devolu\u00e7\u00f5es ou atendimento ao cliente.<\/p>\n\n\n<style>.wp-block-kadence-advancedheading.kt-adv-heading6423_e41e99-32, .wp-block-kadence-advancedheading.kt-adv-heading6423_e41e99-32[data-kb-block=\"kb-adv-heading6423_e41e99-32\"]{text-align:center;font-style:normal;}.wp-block-kadence-advancedheading.kt-adv-heading6423_e41e99-32 mark.kt-highlight, .wp-block-kadence-advancedheading.kt-adv-heading6423_e41e99-32[data-kb-block=\"kb-adv-heading6423_e41e99-32\"] mark.kt-highlight{font-style:normal;color:#f76a0c;-webkit-box-decoration-break:clone;box-decoration-break:clone;padding-top:0px;padding-right:0px;padding-bottom:0px;padding-left:0px;}.wp-block-kadence-advancedheading.kt-adv-heading6423_e41e99-32 img.kb-inline-image, .wp-block-kadence-advancedheading.kt-adv-heading6423_e41e99-32[data-kb-block=\"kb-adv-heading6423_e41e99-32\"] img.kb-inline-image{width:150px;vertical-align:baseline;}<\/style>\n<h2 class=\"kt-adv-heading6423_e41e99-32 wp-block-kadence-advancedheading\" data-kb-block=\"kb-adv-heading6423_e41e99-32\">An\u00fancios<\/h2>\n\n\n<style>.wp-block-kadence-advancedheading.kt-adv-heading6423_8675e3-c9, .wp-block-kadence-advancedheading.kt-adv-heading6423_8675e3-c9[data-kb-block=\"kb-adv-heading6423_8675e3-c9\"]{font-size:19px;font-style:normal;}.wp-block-kadence-advancedheading.kt-adv-heading6423_8675e3-c9 mark.kt-highlight, .wp-block-kadence-advancedheading.kt-adv-heading6423_8675e3-c9[data-kb-block=\"kb-adv-heading6423_8675e3-c9\"] mark.kt-highlight{font-style:normal;color:#f76a0c;-webkit-box-decoration-break:clone;box-decoration-break:clone;padding-top:0px;padding-right:0px;padding-bottom:0px;padding-left:0px;}.wp-block-kadence-advancedheading.kt-adv-heading6423_8675e3-c9 img.kb-inline-image, .wp-block-kadence-advancedheading.kt-adv-heading6423_8675e3-c9[data-kb-block=\"kb-adv-heading6423_8675e3-c9\"] img.kb-inline-image{width:150px;vertical-align:baseline;}<\/style>\n<p class=\"kt-adv-heading6423_8675e3-c9 wp-block-kadence-advancedheading\" data-kb-block=\"kb-adv-heading6423_8675e3-c9\">Nosso site poder\u00e1 exibir an\u00fancios do Google AdSense e outras redes de publicidade. Os an\u00fancios s\u00e3o de responsabilidade dos anunciantes.<\/p>\n\n\n<style>.wp-block-kadence-advancedheading.kt-adv-heading6423_f8eadb-26, .wp-block-kadence-advancedheading.kt-adv-heading6423_f8eadb-26[data-kb-block=\"kb-adv-heading6423_f8eadb-26\"]{text-align:center;font-style:normal;}.wp-block-kadence-advancedheading.kt-adv-heading6423_f8eadb-26 mark.kt-highlight, .wp-block-kadence-advancedheading.kt-adv-heading6423_f8eadb-26[data-kb-block=\"kb-adv-heading6423_f8eadb-26\"] mark.kt-highlight{font-style:normal;color:#f76a0c;-webkit-box-decoration-break:clone;box-decoration-break:clone;padding-top:0px;padding-right:0px;padding-bottom:0px;padding-left:0px;}.wp-block-kadence-advancedheading.kt-adv-heading6423_f8eadb-26 img.kb-inline-image, .wp-block-kadence-advancedheading.kt-adv-heading6423_f8eadb-26[data-kb-block=\"kb-adv-heading6423_f8eadb-26\"] img.kb-inline-image{width:150px;vertical-align:baseline;}<\/style>\n<h2 class=\"kt-adv-heading6423_f8eadb-26 wp-block-kadence-advancedheading\" data-kb-block=\"kb-adv-heading6423_f8eadb-26\">Altera\u00e7\u00f5es<\/h2>\n\n\n<style>.wp-block-kadence-advancedheading.kt-adv-heading6423_95ce0c-a9, .wp-block-kadence-advancedheading.kt-adv-heading6423_95ce0c-a9[data-kb-block=\"kb-adv-heading6423_95ce0c-a9\"]{font-size:19px;font-style:normal;}.wp-block-kadence-advancedheading.kt-adv-heading6423_95ce0c-a9 mark.kt-highlight, .wp-block-kadence-advancedheading.kt-adv-heading6423_95ce0c-a9[data-kb-block=\"kb-adv-heading6423_95ce0c-a9\"] mark.kt-highlight{font-style:normal;color:#f76a0c;-webkit-box-decoration-break:clone;box-decoration-break:clone;padding-top:0px;padding-right:0px;padding-bottom:0px;padding-left:0px;}.wp-block-kadence-advancedheading.kt-adv-heading6423_95ce0c-a9 img.kb-inline-image, .wp-block-kadence-advancedheading.kt-adv-heading6423_95ce0c-a9[data-kb-block=\"kb-adv-heading6423_95ce0c-a9\"] img.kb-inline-image{width:150px;vertical-align:baseline;}<\/style>\n<p class=\"kt-adv-heading6423_95ce0c-a9 wp-block-kadence-advancedheading\" data-kb-block=\"kb-adv-heading6423_95ce0c-a9\">Reservamo-nos o direito de alterar ou atualizar estes Termos e Condi\u00e7\u00f5es a qualquer momento, sem aviso pr\u00e9vio. As altera\u00e7\u00f5es passam a valer assim que publicadas nesta p\u00e1gina.<\/p>\n<\/div><\/div>\n\n\n<style>.kadence-column6423_fa760d-dc > .kt-inside-inner-col,.kadence-column6423_fa760d-dc > .kt-inside-inner-col:before{border-top-left-radius:0px;border-top-right-radius:0px;border-bottom-right-radius:0px;border-bottom-left-radius:0px;}.kadence-column6423_fa760d-dc > .kt-inside-inner-col{column-gap:var(--global-kb-gap-sm, 1rem);}.kadence-column6423_fa760d-dc > .kt-inside-inner-col{flex-direction:column;}.kadence-column6423_fa760d-dc > .kt-inside-inner-col > .aligncenter{width:100%;}.kadence-column6423_fa760d-dc > .kt-inside-inner-col:before{opacity:0.3;}.kadence-column6423_fa760d-dc{position:relative;}@media all and (max-width: 1024px){.kadence-column6423_fa760d-dc > .kt-inside-inner-col{flex-direction:column;justify-content:center;}}@media all and (max-width: 767px){.kadence-column6423_fa760d-dc > .kt-inside-inner-col{flex-direction:column;justify-content:center;}}<\/style>\n<div class=\"wp-block-kadence-column kadence-column6423_fa760d-dc\"><div class=\"kt-inside-inner-col\"><\/div><\/div>\n\n<\/div><\/div>","protected":false},"excerpt":{"rendered":"<p>Termos e Condi\u00e7\u00f5es de Uso Ao acessar e utilizar o site Guia Top 3, voc\u00ea concorda com os seguintes Termos e Condi\u00e7\u00f5es. Recomendamos que leia este documento com aten\u00e7\u00e3o. Uso do conte\u00fado O conte\u00fado publicado no Guia Top 3 \u00e9 de car\u00e1ter informativo e opinativo, n\u00e3o substituindo orienta\u00e7\u00f5es t\u00e9cnicas ou profissionais. O usu\u00e1rio \u00e9 respons\u00e1vel [&hellip;]<\/p>\n","protected":false},"author":1,"featured_media":0,"parent":0,"menu_order":0,"comment_status":"closed","ping_status":"closed","template":"","meta":{"_acf_changed":false,"_citadela_hide_page_title":"1","_citadela_remove_header_space":"1","_citadela_custom_class":"","_citadela_half_map_provider":"","_citadela_half_map_theme":"","_citadela_half_map_themeOSM":"","_citadela_half_map_customTheme":"","_citadela_half_map_dataType":"","_citadela_half_map_dynamicTrack":false,"_citadela_half_map_trackColor":"","_citadela_half_map_trackEndpointsColor":"","_citadela_half_map_filterCategory":"","_citadela_half_map_filterLocation":"","_citadela_half_map_filterFeatured":false,"_citadela_half_map_noDataBehavior":"empty-map","_citadela_half_map_noDataText":"","_citadela_half_map_clusterGridSize":80,"_citadela_header":false,"_citadela_header_over_content":false,"_citadela_header_text_color":"","_citadela_header_logo":[],"_citadela_header_bg_image":[],"_citadela_header_bg_position":{"x":0.5,"y":0.5},"_citadela_header_bg_size":"cover","_citadela_header_bg_repeat":"no-repeat","_citadela_header_bg_fixed":false,"_citadela_header_bg_color":"","_citadela_header_bg_image_overlay":"","_citadela_header_transparent_bg":false,"_citadela_content_width":"","_citadela_half_layout_position":"","footnotes":""},"class_list":["post-6423","page","type-page","status-publish","hentry"],"acf":[],"_links":{"self":[{"href":"https:\/\/www.guiatop3.com.br\/index.php?rest_route=\/wp\/v2\/pages\/6423","targetHints":{"allow":["GET"]}}],"collection":[{"href":"https:\/\/www.guiatop3.com.br\/index.php?rest_route=\/wp\/v2\/pages"}],"about":[{"href":"https:\/\/www.guiatop3.com.br\/index.php?rest_route=\/wp\/v2\/types\/page"}],"author":[{"embeddable":true,"href":"https:\/\/www.guiatop3.com.br\/index.php?rest_route=\/wp\/v2\/users\/1"}],"replies":[{"embeddable":true,"href":"https:\/\/www.guiatop3.com.br\/index.php?rest_route=%2Fwp%2Fv2%2Fcomments&post=6423"}],"version-history":[{"count":1,"href":"https:\/\/www.guiatop3.com.br\/index.php?rest_route=\/wp\/v2\/pages\/6423\/revisions"}],"predecessor-version":[{"id":6424,"href":"https:\/\/www.guiatop3.com.br\/index.php?rest_route=\/wp\/v2\/pages\/6423\/revisions\/6424"}],"wp:attachment":[{"href":"https:\/\/www.guiatop3.com.br\/index.php?rest_route=%2Fwp%2Fv2%2Fmedia&parent=6423"}],"curies":[{"name":"wp","href":"https:\/\/api.w.org\/{rel}","templated":true}]}}