{"id":6426,"date":"2025-09-30T18:18:20","date_gmt":"2025-09-30T18:18:20","guid":{"rendered":"https:\/\/www.guiatop3.com.br\/?page_id=6426"},"modified":"2025-09-30T19:24:50","modified_gmt":"2025-09-30T19:24:50","slug":"contato","status":"publish","type":"page","link":"https:\/\/www.guiatop3.com.br\/?page_id=6426","title":{"rendered":"Contato"},"content":{"rendered":"<style>.kb-row-layout-id6426_fe0346-c8 > .kt-row-column-wrap{align-content:start;}:where(.kb-row-layout-id6426_fe0346-c8 > .kt-row-column-wrap) > .wp-block-kadence-column{justify-content:start;}.kb-row-layout-id6426_fe0346-c8 > .kt-row-column-wrap{column-gap:var(--global-kb-gap-sm, 1rem);row-gap:var(--global-kb-gap-md, 2rem);padding-top:var(--global-kb-spacing-sm, 1.5rem);padding-bottom:var(--global-kb-spacing-sm, 1.5rem);}.kb-row-layout-id6426_fe0346-c8 > .kt-row-column-wrap > div:not(.added-for-specificity){grid-column:initial;}.kb-row-layout-id6426_fe0346-c8 > .kt-row-column-wrap{grid-template-columns:minmax(0, 1fr) minmax(0, 6fr) minmax(0, 1fr);}.kb-row-layout-id6426_fe0346-c8 > .kt-row-layout-overlay{opacity:0.30;}@media all and (max-width: 1024px){.kb-row-layout-id6426_fe0346-c8 > .kt-row-column-wrap > div:not(.added-for-specificity){grid-column:initial;}}@media all and (max-width: 1024px){.kb-row-layout-id6426_fe0346-c8 > .kt-row-column-wrap{grid-template-columns:minmax(0, 1fr) minmax(0, 6fr) minmax(0, 1fr);}}@media all and (max-width: 767px){.kb-row-layout-id6426_fe0346-c8 > .kt-row-column-wrap > div:not(.added-for-specificity){grid-column:initial;}.kb-row-layout-id6426_fe0346-c8 > .kt-row-column-wrap{grid-template-columns:minmax(0, 1fr);}}<\/style><div class=\"kb-row-layout-wrap kb-row-layout-id6426_fe0346-c8 alignwide wp-block-kadence-rowlayout\"><div class=\"kt-row-column-wrap kt-has-3-columns kt-row-layout-center-exwide kt-tab-layout-inherit kt-mobile-layout-row kt-row-valign-top\">\n<style>.kadence-column6426_567fbc-6b > .kt-inside-inner-col,.kadence-column6426_567fbc-6b > .kt-inside-inner-col:before{border-top-left-radius:0px;border-top-right-radius:0px;border-bottom-right-radius:0px;border-bottom-left-radius:0px;}.kadence-column6426_567fbc-6b > .kt-inside-inner-col{column-gap:var(--global-kb-gap-sm, 1rem);}.kadence-column6426_567fbc-6b > .kt-inside-inner-col{flex-direction:column;}.kadence-column6426_567fbc-6b > .kt-inside-inner-col > .aligncenter{width:100%;}.kadence-column6426_567fbc-6b > .kt-inside-inner-col:before{opacity:0.3;}.kadence-column6426_567fbc-6b{position:relative;}@media all and (max-width: 1024px){.kadence-column6426_567fbc-6b > .kt-inside-inner-col{flex-direction:column;justify-content:center;}}@media all and (max-width: 767px){.kadence-column6426_567fbc-6b > .kt-inside-inner-col{flex-direction:column;justify-content:center;}}<\/style>\n<div class=\"wp-block-kadence-column kadence-column6426_567fbc-6b\"><div class=\"kt-inside-inner-col\"><\/div><\/div>\n\n\n<style>.kadence-column6426_5ddf9a-10 > .kt-inside-inner-col,.kadence-column6426_5ddf9a-10 > .kt-inside-inner-col:before{border-top-left-radius:0px;border-top-right-radius:0px;border-bottom-right-radius:0px;border-bottom-left-radius:0px;}.kadence-column6426_5ddf9a-10 > .kt-inside-inner-col{column-gap:var(--global-kb-gap-sm, 1rem);}.kadence-column6426_5ddf9a-10 > .kt-inside-inner-col{flex-direction:column;}.kadence-column6426_5ddf9a-10 > .kt-inside-inner-col > .aligncenter{width:100%;}.kadence-column6426_5ddf9a-10 > .kt-inside-inner-col:before{opacity:0.3;}.kadence-column6426_5ddf9a-10{position:relative;}@media all and (max-width: 1024px){.kadence-column6426_5ddf9a-10 > .kt-inside-inner-col{flex-direction:column;justify-content:center;}}@media all and (max-width: 767px){.kadence-column6426_5ddf9a-10 > .kt-inside-inner-col{flex-direction:column;justify-content:center;}}<\/style>\n<div class=\"wp-block-kadence-column kadence-column6426_5ddf9a-10\"><div class=\"kt-inside-inner-col\"><style>.wp-block-kadence-advancedheading.kt-adv-heading6426_192a4f-ce, .wp-block-kadence-advancedheading.kt-adv-heading6426_192a4f-ce[data-kb-block=\"kb-adv-heading6426_192a4f-ce\"]{text-align:center;font-style:normal;}.wp-block-kadence-advancedheading.kt-adv-heading6426_192a4f-ce mark.kt-highlight, .wp-block-kadence-advancedheading.kt-adv-heading6426_192a4f-ce[data-kb-block=\"kb-adv-heading6426_192a4f-ce\"] mark.kt-highlight{font-style:normal;color:#f76a0c;-webkit-box-decoration-break:clone;box-decoration-break:clone;padding-top:0px;padding-right:0px;padding-bottom:0px;padding-left:0px;}.wp-block-kadence-advancedheading.kt-adv-heading6426_192a4f-ce img.kb-inline-image, .wp-block-kadence-advancedheading.kt-adv-heading6426_192a4f-ce[data-kb-block=\"kb-adv-heading6426_192a4f-ce\"] img.kb-inline-image{width:150px;vertical-align:baseline;}<\/style>\n<h1 class=\"kt-adv-heading6426_192a4f-ce wp-block-kadence-advancedheading\" data-kb-block=\"kb-adv-heading6426_192a4f-ce\">Contato<\/h1>\n\n\n<style>.wp-block-kadence-advancedheading.kt-adv-heading6426_eec081-de, .wp-block-kadence-advancedheading.kt-adv-heading6426_eec081-de[data-kb-block=\"kb-adv-heading6426_eec081-de\"]{text-align:center;font-style:normal;}.wp-block-kadence-advancedheading.kt-adv-heading6426_eec081-de mark.kt-highlight, .wp-block-kadence-advancedheading.kt-adv-heading6426_eec081-de[data-kb-block=\"kb-adv-heading6426_eec081-de\"] mark.kt-highlight{font-style:normal;color:#f76a0c;-webkit-box-decoration-break:clone;box-decoration-break:clone;padding-top:0px;padding-right:0px;padding-bottom:0px;padding-left:0px;}.wp-block-kadence-advancedheading.kt-adv-heading6426_eec081-de img.kb-inline-image, .wp-block-kadence-advancedheading.kt-adv-heading6426_eec081-de[data-kb-block=\"kb-adv-heading6426_eec081-de\"] img.kb-inline-image{width:150px;vertical-align:baseline;}<\/style>\n<h2 class=\"kt-adv-heading6426_eec081-de wp-block-kadence-advancedheading\" data-kb-block=\"kb-adv-heading6426_eec081-de\">Fale Conosco<\/h2>\n\n\n<style>.wp-block-kadence-advancedheading.kt-adv-heading6426_10fc65-4e, .wp-block-kadence-advancedheading.kt-adv-heading6426_10fc65-4e[data-kb-block=\"kb-adv-heading6426_10fc65-4e\"]{font-size:19px;font-style:normal;}.wp-block-kadence-advancedheading.kt-adv-heading6426_10fc65-4e mark.kt-highlight, .wp-block-kadence-advancedheading.kt-adv-heading6426_10fc65-4e[data-kb-block=\"kb-adv-heading6426_10fc65-4e\"] mark.kt-highlight{font-style:normal;color:#f76a0c;-webkit-box-decoration-break:clone;box-decoration-break:clone;padding-top:0px;padding-right:0px;padding-bottom:0px;padding-left:0px;}.wp-block-kadence-advancedheading.kt-adv-heading6426_10fc65-4e img.kb-inline-image, .wp-block-kadence-advancedheading.kt-adv-heading6426_10fc65-4e[data-kb-block=\"kb-adv-heading6426_10fc65-4e\"] img.kb-inline-image{width:150px;vertical-align:baseline;}<\/style>\n<p class=\"kt-adv-heading6426_10fc65-4e wp-block-kadence-advancedheading\" data-kb-block=\"kb-adv-heading6426_10fc65-4e\">Estamos \u00e0 disposi\u00e7\u00e3o para esclarecer d\u00favidas, receber sugest\u00f5es ou parcerias.<\/p>\n\n\n\n<ul style=\"font-size:19px\" class=\"wp-block-list\">\n<li>E-mail: <strong><em>contato@guiatop3.com.br<\/em><\/strong><\/li>\n\n\n\n<li>Redes sociais<\/li>\n\n\n\n<li style=\"font-size:19px\">Formul\u00e1rio de contato: dispon\u00edvel nesta p\u00e1gina<\/li>\n<\/ul>\n\n\n<style>.kb-row-layout-id6426_f382b7-d3 > .kt-row-column-wrap{align-content:start;}:where(.kb-row-layout-id6426_f382b7-d3 > .kt-row-column-wrap) > .wp-block-kadence-column{justify-content:start;}.kb-row-layout-id6426_f382b7-d3 > .kt-row-column-wrap{column-gap:var(--global-kb-gap-sm, 1rem);row-gap:var(--global-kb-gap-md, 2rem);padding-top:var(--global-kb-spacing-sm, 1.5rem);padding-bottom:var(--global-kb-spacing-sm, 1.5rem);}.kb-row-layout-id6426_f382b7-d3 > .kt-row-column-wrap > div:not(.added-for-specificity){grid-column:initial;}.kb-row-layout-id6426_f382b7-d3 > .kt-row-column-wrap{grid-template-columns:minmax(0, 1fr) minmax(0, 3fr) minmax(0, 1fr);}.kb-row-layout-id6426_f382b7-d3 > .kt-row-layout-overlay{opacity:0.30;}@media all and (max-width: 1024px){.kb-row-layout-id6426_f382b7-d3 > .kt-row-column-wrap > div:not(.added-for-specificity){grid-column:initial;}}@media all and (max-width: 1024px){.kb-row-layout-id6426_f382b7-d3 > .kt-row-column-wrap{grid-template-columns:minmax(0, 1fr) minmax(0, 3fr) minmax(0, 1fr);}}@media all and (max-width: 767px){.kb-row-layout-id6426_f382b7-d3 > .kt-row-column-wrap > div:not(.added-for-specificity){grid-column:initial;}.kb-row-layout-id6426_f382b7-d3 > .kt-row-column-wrap{grid-template-columns:minmax(0, 1fr);}}<\/style><div class=\"kb-row-layout-wrap kb-row-layout-id6426_f382b7-d3 alignnone wp-block-kadence-rowlayout\"><div class=\"kt-row-column-wrap kt-has-3-columns kt-row-layout-center-wide kt-tab-layout-inherit kt-mobile-layout-row kt-row-valign-top\">\n<style>.kadence-column6426_1f48f7-3f > .kt-inside-inner-col,.kadence-column6426_1f48f7-3f > .kt-inside-inner-col:before{border-top-left-radius:0px;border-top-right-radius:0px;border-bottom-right-radius:0px;border-bottom-left-radius:0px;}.kadence-column6426_1f48f7-3f > .kt-inside-inner-col{column-gap:var(--global-kb-gap-sm, 1rem);}.kadence-column6426_1f48f7-3f > .kt-inside-inner-col{flex-direction:column;}.kadence-column6426_1f48f7-3f > .kt-inside-inner-col > .aligncenter{width:100%;}.kadence-column6426_1f48f7-3f > .kt-inside-inner-col:before{opacity:0.3;}.kadence-column6426_1f48f7-3f{position:relative;}@media all and (max-width: 1024px){.kadence-column6426_1f48f7-3f > .kt-inside-inner-col{flex-direction:column;justify-content:center;}}@media all and (max-width: 767px){.kadence-column6426_1f48f7-3f > .kt-inside-inner-col{flex-direction:column;justify-content:center;}}<\/style>\n<div class=\"wp-block-kadence-column kadence-column6426_1f48f7-3f\"><div class=\"kt-inside-inner-col\"><\/div><\/div>\n\n\n<style>.kadence-column6426_cd27a0-da > .kt-inside-inner-col,.kadence-column6426_cd27a0-da > .kt-inside-inner-col:before{border-top-left-radius:0px;border-top-right-radius:0px;border-bottom-right-radius:0px;border-bottom-left-radius:0px;}.kadence-column6426_cd27a0-da > .kt-inside-inner-col{column-gap:var(--global-kb-gap-sm, 1rem);}.kadence-column6426_cd27a0-da > .kt-inside-inner-col{flex-direction:column;}.kadence-column6426_cd27a0-da > .kt-inside-inner-col > .aligncenter{width:100%;}.kadence-column6426_cd27a0-da > .kt-inside-inner-col:before{opacity:0.3;}.kadence-column6426_cd27a0-da{position:relative;}@media all and (max-width: 1024px){.kadence-column6426_cd27a0-da > .kt-inside-inner-col{flex-direction:column;justify-content:center;}}@media all and (max-width: 767px){.kadence-column6426_cd27a0-da > .kt-inside-inner-col{flex-direction:column;justify-content:center;}}<\/style>\n<div class=\"wp-block-kadence-column kadence-column6426_cd27a0-da\"><div class=\"kt-inside-inner-col\"><style>.kb-form input.kadence-blocks-field.verify{opacity:0.0;position:absolute;top:0.0;left:0.0;width:0.0;height:0.0;z-index:-1;}<\/style>\n<div class=\"wp-block-kadence-form kadence-form-6426_57521c-f0 kb-form-wrap\"><form class=\"kb-form\" action=\"\" method=\"post\" data-error-message=\"Por favor, corrija os erros para enviar\"><div class=\"kadence-blocks-form-field kb-field-desk-width-100 kb-input-size-standard\"><label for=\"kb_field_6426_57521c-f0_0\">Nome<span class=\"required\">*<\/span><\/label><input name=\"kb_field_0\" id=\"kb_field_6426_57521c-f0_0\" data-label=\"Nome\" type=\"text\" placeholder=\"\" value=\"\" data-type=\"text\" class=\"kb-field kb-text-style-field kb-text-field kb-field-0\" data-required=\"yes\" data-required-message=\"Este campo \u00e9 necess\u00e1rio\"\/><\/div><div class=\"kadence-blocks-form-field kb-form-field-1 kb-field-desk-width-100 kb-input-size-standard\"><label for=\"kb_field_6426_57521c-f0_1\">E-mail<span class=\"required\">*<\/span><\/label><input name=\"kb_field_1\" id=\"kb_field_6426_57521c-f0_1\" data-label=\"E-mail\" type=\"email\" placeholder=\"\" value=\"\" data-type=\"email\" class=\"kb-field kb-text-style-field kb-email-field kb-field-1\" data-required=\"yes\" data-required-message=\"Este campo \u00e9 obrigat\u00f3rio\" data-validation-message=\"Este e-mail n\u00e3o \u00e9 v\u00e1ildo\"\/><\/div><div class=\"kadence-blocks-form-field kb-form-field-2 kb-field-desk-width-100 kb-input-size-standard\"><label for=\"kb_field_6426_57521c-f0_2\">Mensagem<span class=\"required\">*<\/span><\/label><textarea name=\"kb_field_2\" id=\"kb_field_6426_57521c-f0_2\" data-label=\"Mensagem\" type=\"textarea\" placeholder=\"\" data-type=\"textarea\" class=\"kb-field kb-text-style-field kb-textarea-field kb-field-2\" rows=\"4\" data-required=\"yes\" data-required-message=\"Este campo \u00e9 necess\u00e1rio\"><\/textarea><\/div><input type=\"hidden\" name=\"_kb_form_id\" value=\"6426_57521c-f0\"\/><input type=\"hidden\" name=\"_kb_form_post_id\" value=\"6426\"\/><input type=\"hidden\" name=\"action\" value=\"kb_process_ajax_submit\"\/><label class=\"kadence-verify-label\">Email<input class=\"kadence-blocks-field verify\" type=\"text\" name=\"_kb_verify_email\" autocomplete=\"new-password\" aria-hidden=\"true\" placeholder=\"Email\" tabindex=\"-1\" data-1p-ignore=\"true\" data-lpignore=\"true\" \/><\/label><div class=\"kadence-blocks-form-field kb-submit-field kb-field-desk-width-100\"><button class=\"kb-forms-submit button kb-button-size-standard kb-button-width-auto\">Enviar<\/button><\/div><\/form><\/div>\n<noscript><div class=\"kadence-blocks-form-message kadence-blocks-form-warning\">Please enable JavaScript in your browser to submit the form<\/div><style>.kadence-form-6426_57521c-f0 .kadence-blocks-form-field.kb-submit-field { display: none; }<\/style><\/noscript><\/div><\/div>\n\n\n<style>.kadence-column6426_2e9df8-22 > .kt-inside-inner-col,.kadence-column6426_2e9df8-22 > .kt-inside-inner-col:before{border-top-left-radius:0px;border-top-right-radius:0px;border-bottom-right-radius:0px;border-bottom-left-radius:0px;}.kadence-column6426_2e9df8-22 > .kt-inside-inner-col{column-gap:var(--global-kb-gap-sm, 1rem);}.kadence-column6426_2e9df8-22 > .kt-inside-inner-col{flex-direction:column;}.kadence-column6426_2e9df8-22 > .kt-inside-inner-col > .aligncenter{width:100%;}.kadence-column6426_2e9df8-22 > .kt-inside-inner-col:before{opacity:0.3;}.kadence-column6426_2e9df8-22{position:relative;}@media all and (max-width: 1024px){.kadence-column6426_2e9df8-22 > .kt-inside-inner-col{flex-direction:column;justify-content:center;}}@media all and (max-width: 767px){.kadence-column6426_2e9df8-22 > .kt-inside-inner-col{flex-direction:column;justify-content:center;}}<\/style>\n<div class=\"wp-block-kadence-column kadence-column6426_2e9df8-22\"><div class=\"kt-inside-inner-col\"><\/div><\/div>\n\n<\/div><\/div>\n\n<style>.wp-block-kadence-advancedheading.kt-adv-heading6426_02aa4a-13, .wp-block-kadence-advancedheading.kt-adv-heading6426_02aa4a-13[data-kb-block=\"kb-adv-heading6426_02aa4a-13\"]{font-size:19px;font-style:normal;}.wp-block-kadence-advancedheading.kt-adv-heading6426_02aa4a-13 mark.kt-highlight, .wp-block-kadence-advancedheading.kt-adv-heading6426_02aa4a-13[data-kb-block=\"kb-adv-heading6426_02aa4a-13\"] mark.kt-highlight{font-style:normal;color:#f76a0c;-webkit-box-decoration-break:clone;box-decoration-break:clone;padding-top:0px;padding-right:0px;padding-bottom:0px;padding-left:0px;}.wp-block-kadence-advancedheading.kt-adv-heading6426_02aa4a-13 img.kb-inline-image, .wp-block-kadence-advancedheading.kt-adv-heading6426_02aa4a-13[data-kb-block=\"kb-adv-heading6426_02aa4a-13\"] img.kb-inline-image{width:150px;vertical-align:baseline;}<\/style>\n<p class=\"kt-adv-heading6426_02aa4a-13 wp-block-kadence-advancedheading\" data-kb-block=\"kb-adv-heading6426_02aa4a-13\">Responderemos sua mensagem no menor tempo poss\u00edvel.<\/p>\n<\/div><\/div>\n\n\n<style>.kadence-column6426_cbe917-c6 > .kt-inside-inner-col,.kadence-column6426_cbe917-c6 > .kt-inside-inner-col:before{border-top-left-radius:0px;border-top-right-radius:0px;border-bottom-right-radius:0px;border-bottom-left-radius:0px;}.kadence-column6426_cbe917-c6 > .kt-inside-inner-col{column-gap:var(--global-kb-gap-sm, 1rem);}.kadence-column6426_cbe917-c6 > .kt-inside-inner-col{flex-direction:column;}.kadence-column6426_cbe917-c6 > .kt-inside-inner-col > .aligncenter{width:100%;}.kadence-column6426_cbe917-c6 > .kt-inside-inner-col:before{opacity:0.3;}.kadence-column6426_cbe917-c6{position:relative;}@media all and (max-width: 1024px){.kadence-column6426_cbe917-c6 > .kt-inside-inner-col{flex-direction:column;justify-content:center;}}@media all and (max-width: 767px){.kadence-column6426_cbe917-c6 > .kt-inside-inner-col{flex-direction:column;justify-content:center;}}<\/style>\n<div class=\"wp-block-kadence-column kadence-column6426_cbe917-c6\"><div class=\"kt-inside-inner-col\"><\/div><\/div>\n\n<\/div><\/div>","protected":false},"excerpt":{"rendered":"<p>Contato Fale Conosco Estamos \u00e0 disposi\u00e7\u00e3o para esclarecer d\u00favidas, receber sugest\u00f5es ou parcerias. Responderemos sua mensagem no menor tempo poss\u00edvel.<\/p>\n","protected":false},"author":1,"featured_media":0,"parent":0,"menu_order":0,"comment_status":"closed","ping_status":"closed","template":"","meta":{"_acf_changed":false,"_citadela_hide_page_title":"1","_citadela_remove_header_space":"1","_citadela_custom_class":"","_citadela_half_map_provider":"","_citadela_half_map_theme":"","_citadela_half_map_themeOSM":"","_citadela_half_map_customTheme":"","_citadela_half_map_dataType":"","_citadela_half_map_dynamicTrack":false,"_citadela_half_map_trackColor":"","_citadela_half_map_trackEndpointsColor":"","_citadela_half_map_filterCategory":"","_citadela_half_map_filterLocation":"","_citadela_half_map_filterFeatured":false,"_citadela_half_map_noDataBehavior":"empty-map","_citadela_half_map_noDataText":"","_citadela_half_map_clusterGridSize":80,"_citadela_header":false,"_citadela_header_over_content":false,"_citadela_header_text_color":"","_citadela_header_logo":[],"_citadela_header_bg_image":[],"_citadela_header_bg_position":{"x":0.5,"y":0.5},"_citadela_header_bg_size":"cover","_citadela_header_bg_repeat":"no-repeat","_citadela_header_bg_fixed":false,"_citadela_header_bg_color":"","_citadela_header_bg_image_overlay":"","_citadela_header_transparent_bg":false,"_citadela_content_width":"","_citadela_half_layout_position":"","footnotes":""},"class_list":["post-6426","page","type-page","status-publish","hentry"],"acf":[],"_links":{"self":[{"href":"https:\/\/www.guiatop3.com.br\/index.php?rest_route=\/wp\/v2\/pages\/6426","targetHints":{"allow":["GET"]}}],"collection":[{"href":"https:\/\/www.guiatop3.com.br\/index.php?rest_route=\/wp\/v2\/pages"}],"about":[{"href":"https:\/\/www.guiatop3.com.br\/index.php?rest_route=\/wp\/v2\/types\/page"}],"author":[{"embeddable":true,"href":"https:\/\/www.guiatop3.com.br\/index.php?rest_route=\/wp\/v2\/users\/1"}],"replies":[{"embeddable":true,"href":"https:\/\/www.guiatop3.com.br\/index.php?rest_route=%2Fwp%2Fv2%2Fcomments&post=6426"}],"version-history":[{"count":3,"href":"https:\/\/www.guiatop3.com.br\/index.php?rest_route=\/wp\/v2\/pages\/6426\/revisions"}],"predecessor-version":[{"id":6440,"href":"https:\/\/www.guiatop3.com.br\/index.php?rest_route=\/wp\/v2\/pages\/6426\/revisions\/6440"}],"wp:attachment":[{"href":"https:\/\/www.guiatop3.com.br\/index.php?rest_route=%2Fwp%2Fv2%2Fmedia&parent=6426"}],"curies":[{"name":"wp","href":"https:\/\/api.w.org\/{rel}","templated":true}]}}