{"id":6428,"date":"2025-09-30T18:20:46","date_gmt":"2025-09-30T18:20:46","guid":{"rendered":"https:\/\/www.guiatop3.com.br\/?page_id=6428"},"modified":"2025-09-30T18:22:59","modified_gmt":"2025-09-30T18:22:59","slug":"links-de-afiliados","status":"publish","type":"page","link":"https:\/\/www.guiatop3.com.br\/?page_id=6428","title":{"rendered":"Links de Afiliados"},"content":{"rendered":"<style>.kb-row-layout-id6428_268459-0b > .kt-row-column-wrap{align-content:start;}:where(.kb-row-layout-id6428_268459-0b > .kt-row-column-wrap) > .wp-block-kadence-column{justify-content:start;}.kb-row-layout-id6428_268459-0b > .kt-row-column-wrap{column-gap:var(--global-kb-gap-sm, 1rem);row-gap:var(--global-kb-gap-md, 2rem);padding-top:var(--global-kb-spacing-sm, 1.5rem);padding-bottom:var(--global-kb-spacing-sm, 1.5rem);}.kb-row-layout-id6428_268459-0b > .kt-row-column-wrap > div:not(.added-for-specificity){grid-column:initial;}.kb-row-layout-id6428_268459-0b > .kt-row-column-wrap{grid-template-columns:minmax(0, 1fr) minmax(0, 6fr) minmax(0, 1fr);}.kb-row-layout-id6428_268459-0b > .kt-row-layout-overlay{opacity:0.30;}@media all and (max-width: 1024px){.kb-row-layout-id6428_268459-0b > .kt-row-column-wrap > div:not(.added-for-specificity){grid-column:initial;}}@media all and (max-width: 1024px){.kb-row-layout-id6428_268459-0b > .kt-row-column-wrap{grid-template-columns:minmax(0, 1fr) minmax(0, 6fr) minmax(0, 1fr);}}@media all and (max-width: 767px){.kb-row-layout-id6428_268459-0b > .kt-row-column-wrap > div:not(.added-for-specificity){grid-column:initial;}.kb-row-layout-id6428_268459-0b > .kt-row-column-wrap{grid-template-columns:minmax(0, 1fr);}}<\/style><div class=\"kb-row-layout-wrap kb-row-layout-id6428_268459-0b alignwide wp-block-kadence-rowlayout\"><div class=\"kt-row-column-wrap kt-has-3-columns kt-row-layout-center-exwide kt-tab-layout-inherit kt-mobile-layout-row kt-row-valign-top\">\n<style>.kadence-column6428_300f56-6d > .kt-inside-inner-col,.kadence-column6428_300f56-6d > .kt-inside-inner-col:before{border-top-left-radius:0px;border-top-right-radius:0px;border-bottom-right-radius:0px;border-bottom-left-radius:0px;}.kadence-column6428_300f56-6d > .kt-inside-inner-col{column-gap:var(--global-kb-gap-sm, 1rem);}.kadence-column6428_300f56-6d > .kt-inside-inner-col{flex-direction:column;}.kadence-column6428_300f56-6d > .kt-inside-inner-col > .aligncenter{width:100%;}.kadence-column6428_300f56-6d > .kt-inside-inner-col:before{opacity:0.3;}.kadence-column6428_300f56-6d{position:relative;}@media all and (max-width: 1024px){.kadence-column6428_300f56-6d > .kt-inside-inner-col{flex-direction:column;justify-content:center;}}@media all and (max-width: 767px){.kadence-column6428_300f56-6d > .kt-inside-inner-col{flex-direction:column;justify-content:center;}}<\/style>\n<div class=\"wp-block-kadence-column kadence-column6428_300f56-6d\"><div class=\"kt-inside-inner-col\"><\/div><\/div>\n\n\n<style>.kadence-column6428_09158e-a4 > .kt-inside-inner-col,.kadence-column6428_09158e-a4 > .kt-inside-inner-col:before{border-top-left-radius:0px;border-top-right-radius:0px;border-bottom-right-radius:0px;border-bottom-left-radius:0px;}.kadence-column6428_09158e-a4 > .kt-inside-inner-col{column-gap:var(--global-kb-gap-sm, 1rem);}.kadence-column6428_09158e-a4 > .kt-inside-inner-col{flex-direction:column;}.kadence-column6428_09158e-a4 > .kt-inside-inner-col > .aligncenter{width:100%;}.kadence-column6428_09158e-a4 > .kt-inside-inner-col:before{opacity:0.3;}.kadence-column6428_09158e-a4{position:relative;}@media all and (max-width: 1024px){.kadence-column6428_09158e-a4 > .kt-inside-inner-col{flex-direction:column;justify-content:center;}}@media all and (max-width: 767px){.kadence-column6428_09158e-a4 > .kt-inside-inner-col{flex-direction:column;justify-content:center;}}<\/style>\n<div class=\"wp-block-kadence-column kadence-column6428_09158e-a4\"><div class=\"kt-inside-inner-col\"><style>.wp-block-kadence-advancedheading.kt-adv-heading6428_675b4f-2c, .wp-block-kadence-advancedheading.kt-adv-heading6428_675b4f-2c[data-kb-block=\"kb-adv-heading6428_675b4f-2c\"]{text-align:center;font-style:normal;}.wp-block-kadence-advancedheading.kt-adv-heading6428_675b4f-2c mark.kt-highlight, .wp-block-kadence-advancedheading.kt-adv-heading6428_675b4f-2c[data-kb-block=\"kb-adv-heading6428_675b4f-2c\"] mark.kt-highlight{font-style:normal;color:#f76a0c;-webkit-box-decoration-break:clone;box-decoration-break:clone;padding-top:0px;padding-right:0px;padding-bottom:0px;padding-left:0px;}.wp-block-kadence-advancedheading.kt-adv-heading6428_675b4f-2c img.kb-inline-image, .wp-block-kadence-advancedheading.kt-adv-heading6428_675b4f-2c[data-kb-block=\"kb-adv-heading6428_675b4f-2c\"] img.kb-inline-image{width:150px;vertical-align:baseline;}<\/style>\n<h1 class=\"kt-adv-heading6428_675b4f-2c wp-block-kadence-advancedheading\" data-kb-block=\"kb-adv-heading6428_675b4f-2c\">Links de Afiliados<\/h1>\n\n\n<style>.wp-block-kadence-advancedheading.kt-adv-heading6428_59f04b-48, .wp-block-kadence-advancedheading.kt-adv-heading6428_59f04b-48[data-kb-block=\"kb-adv-heading6428_59f04b-48\"]{text-align:center;font-style:normal;}.wp-block-kadence-advancedheading.kt-adv-heading6428_59f04b-48 mark.kt-highlight, .wp-block-kadence-advancedheading.kt-adv-heading6428_59f04b-48[data-kb-block=\"kb-adv-heading6428_59f04b-48\"] mark.kt-highlight{font-style:normal;color:#f76a0c;-webkit-box-decoration-break:clone;box-decoration-break:clone;padding-top:0px;padding-right:0px;padding-bottom:0px;padding-left:0px;}.wp-block-kadence-advancedheading.kt-adv-heading6428_59f04b-48 img.kb-inline-image, .wp-block-kadence-advancedheading.kt-adv-heading6428_59f04b-48[data-kb-block=\"kb-adv-heading6428_59f04b-48\"] img.kb-inline-image{width:150px;vertical-align:baseline;}<\/style>\n<h2 class=\"kt-adv-heading6428_59f04b-48 wp-block-kadence-advancedheading\" data-kb-block=\"kb-adv-heading6428_59f04b-48\">Aviso sobre Links de Afiliados<\/h2>\n\n\n<style>.wp-block-kadence-advancedheading.kt-adv-heading6428_66baa3-6c, .wp-block-kadence-advancedheading.kt-adv-heading6428_66baa3-6c[data-kb-block=\"kb-adv-heading6428_66baa3-6c\"]{text-align:left;font-size:19px;font-style:normal;}.wp-block-kadence-advancedheading.kt-adv-heading6428_66baa3-6c mark.kt-highlight, .wp-block-kadence-advancedheading.kt-adv-heading6428_66baa3-6c[data-kb-block=\"kb-adv-heading6428_66baa3-6c\"] mark.kt-highlight{font-style:normal;color:#f76a0c;-webkit-box-decoration-break:clone;box-decoration-break:clone;padding-top:0px;padding-right:0px;padding-bottom:0px;padding-left:0px;}.wp-block-kadence-advancedheading.kt-adv-heading6428_66baa3-6c img.kb-inline-image, .wp-block-kadence-advancedheading.kt-adv-heading6428_66baa3-6c[data-kb-block=\"kb-adv-heading6428_66baa3-6c\"] img.kb-inline-image{width:150px;vertical-align:baseline;}<\/style>\n<p class=\"kt-adv-heading6428_66baa3-6c wp-block-kadence-advancedheading\" data-kb-block=\"kb-adv-heading6428_66baa3-6c\">O Guia Top 3 participa de programas de afiliados, incluindo Amazon e Mercado Livre. Isso significa que, ao clicar em nossos links de produtos e realizar uma compra, podemos receber uma comiss\u00e3o sem que voc\u00ea pague nada a mais por isso.<\/p>\n\n\n<style>.wp-block-kadence-advancedheading.kt-adv-heading6428_a623f4-25, .wp-block-kadence-advancedheading.kt-adv-heading6428_a623f4-25[data-kb-block=\"kb-adv-heading6428_a623f4-25\"]{text-align:center;font-style:normal;}.wp-block-kadence-advancedheading.kt-adv-heading6428_a623f4-25 mark.kt-highlight, .wp-block-kadence-advancedheading.kt-adv-heading6428_a623f4-25[data-kb-block=\"kb-adv-heading6428_a623f4-25\"] mark.kt-highlight{font-style:normal;color:#f76a0c;-webkit-box-decoration-break:clone;box-decoration-break:clone;padding-top:0px;padding-right:0px;padding-bottom:0px;padding-left:0px;}.wp-block-kadence-advancedheading.kt-adv-heading6428_a623f4-25 img.kb-inline-image, .wp-block-kadence-advancedheading.kt-adv-heading6428_a623f4-25[data-kb-block=\"kb-adv-heading6428_a623f4-25\"] img.kb-inline-image{width:150px;vertical-align:baseline;}<\/style>\n<h2 class=\"kt-adv-heading6428_a623f4-25 wp-block-kadence-advancedheading\" data-kb-block=\"kb-adv-heading6428_a623f4-25\">Transpar\u00eancia<\/h2>\n\n\n<style>.wp-block-kadence-advancedheading.kt-adv-heading6428_b74311-3b, .wp-block-kadence-advancedheading.kt-adv-heading6428_b74311-3b[data-kb-block=\"kb-adv-heading6428_b74311-3b\"]{font-size:19px;font-style:normal;}.wp-block-kadence-advancedheading.kt-adv-heading6428_b74311-3b mark.kt-highlight, .wp-block-kadence-advancedheading.kt-adv-heading6428_b74311-3b[data-kb-block=\"kb-adv-heading6428_b74311-3b\"] mark.kt-highlight{font-style:normal;color:#f76a0c;-webkit-box-decoration-break:clone;box-decoration-break:clone;padding-top:0px;padding-right:0px;padding-bottom:0px;padding-left:0px;}.wp-block-kadence-advancedheading.kt-adv-heading6428_b74311-3b img.kb-inline-image, .wp-block-kadence-advancedheading.kt-adv-heading6428_b74311-3b[data-kb-block=\"kb-adv-heading6428_b74311-3b\"] img.kb-inline-image{width:150px;vertical-align:baseline;}<\/style>\n<p class=\"kt-adv-heading6428_b74311-3b wp-block-kadence-advancedheading\" data-kb-block=\"kb-adv-heading6428_b74311-3b\">Todas as recomenda\u00e7\u00f5es feitas no site t\u00eam como base an\u00e1lise de qualidade, relev\u00e2ncia e custo-benef\u00edcio. Nosso objetivo \u00e9 indicar produtos \u00fateis e confi\u00e1veis.<\/p>\n\n\n<style>.wp-block-kadence-advancedheading.kt-adv-heading6428_1ff2eb-a0, .wp-block-kadence-advancedheading.kt-adv-heading6428_1ff2eb-a0[data-kb-block=\"kb-adv-heading6428_1ff2eb-a0\"]{text-align:center;font-style:normal;}.wp-block-kadence-advancedheading.kt-adv-heading6428_1ff2eb-a0 mark.kt-highlight, .wp-block-kadence-advancedheading.kt-adv-heading6428_1ff2eb-a0[data-kb-block=\"kb-adv-heading6428_1ff2eb-a0\"] mark.kt-highlight{font-style:normal;color:#f76a0c;-webkit-box-decoration-break:clone;box-decoration-break:clone;padding-top:0px;padding-right:0px;padding-bottom:0px;padding-left:0px;}.wp-block-kadence-advancedheading.kt-adv-heading6428_1ff2eb-a0 img.kb-inline-image, .wp-block-kadence-advancedheading.kt-adv-heading6428_1ff2eb-a0[data-kb-block=\"kb-adv-heading6428_1ff2eb-a0\"] img.kb-inline-image{width:150px;vertical-align:baseline;}<\/style>\n<h2 class=\"kt-adv-heading6428_1ff2eb-a0 wp-block-kadence-advancedheading\" data-kb-block=\"kb-adv-heading6428_1ff2eb-a0\">Import\u00e2ncia dos links de afiliados<\/h2>\n\n\n<style>.wp-block-kadence-advancedheading.kt-adv-heading6428_fb780a-85, .wp-block-kadence-advancedheading.kt-adv-heading6428_fb780a-85[data-kb-block=\"kb-adv-heading6428_fb780a-85\"]{font-size:19px;font-style:normal;}.wp-block-kadence-advancedheading.kt-adv-heading6428_fb780a-85 mark.kt-highlight, .wp-block-kadence-advancedheading.kt-adv-heading6428_fb780a-85[data-kb-block=\"kb-adv-heading6428_fb780a-85\"] mark.kt-highlight{font-style:normal;color:#f76a0c;-webkit-box-decoration-break:clone;box-decoration-break:clone;padding-top:0px;padding-right:0px;padding-bottom:0px;padding-left:0px;}.wp-block-kadence-advancedheading.kt-adv-heading6428_fb780a-85 img.kb-inline-image, .wp-block-kadence-advancedheading.kt-adv-heading6428_fb780a-85[data-kb-block=\"kb-adv-heading6428_fb780a-85\"] img.kb-inline-image{width:150px;vertical-align:baseline;}<\/style>\n<p class=\"kt-adv-heading6428_fb780a-85 wp-block-kadence-advancedheading\" data-kb-block=\"kb-adv-heading6428_fb780a-85\">\u00c9 gra\u00e7as a esses links que conseguimos manter o site ativo, oferecer conte\u00fado gratuito e continuar trazendo novas an\u00e1lises e recomenda\u00e7\u00f5es.<\/p>\n\n\n<style>.wp-block-kadence-advancedheading.kt-adv-heading6428_c12c6d-32, .wp-block-kadence-advancedheading.kt-adv-heading6428_c12c6d-32[data-kb-block=\"kb-adv-heading6428_c12c6d-32\"]{font-size:19px;font-style:normal;}.wp-block-kadence-advancedheading.kt-adv-heading6428_c12c6d-32 mark.kt-highlight, .wp-block-kadence-advancedheading.kt-adv-heading6428_c12c6d-32[data-kb-block=\"kb-adv-heading6428_c12c6d-32\"] mark.kt-highlight{font-style:normal;color:#f76a0c;-webkit-box-decoration-break:clone;box-decoration-break:clone;padding-top:0px;padding-right:0px;padding-bottom:0px;padding-left:0px;}.wp-block-kadence-advancedheading.kt-adv-heading6428_c12c6d-32 img.kb-inline-image, .wp-block-kadence-advancedheading.kt-adv-heading6428_c12c6d-32[data-kb-block=\"kb-adv-heading6428_c12c6d-32\"] img.kb-inline-image{width:150px;vertical-align:baseline;}<\/style>\n<p class=\"kt-adv-heading6428_c12c6d-32 wp-block-kadence-advancedheading\" data-kb-block=\"kb-adv-heading6428_c12c6d-32\">p: Ao comprar atrav\u00e9s dos nossos links, voc\u00ea apoia o Guia Top 3 e nos ajuda a crescer. Muito obrigado pela confian\u00e7a!<\/p>\n<\/div><\/div>\n\n\n<style>.kadence-column6428_3c36b5-a9 > .kt-inside-inner-col,.kadence-column6428_3c36b5-a9 > .kt-inside-inner-col:before{border-top-left-radius:0px;border-top-right-radius:0px;border-bottom-right-radius:0px;border-bottom-left-radius:0px;}.kadence-column6428_3c36b5-a9 > .kt-inside-inner-col{column-gap:var(--global-kb-gap-sm, 1rem);}.kadence-column6428_3c36b5-a9 > .kt-inside-inner-col{flex-direction:column;}.kadence-column6428_3c36b5-a9 > .kt-inside-inner-col > .aligncenter{width:100%;}.kadence-column6428_3c36b5-a9 > .kt-inside-inner-col:before{opacity:0.3;}.kadence-column6428_3c36b5-a9{position:relative;}@media all and (max-width: 1024px){.kadence-column6428_3c36b5-a9 > .kt-inside-inner-col{flex-direction:column;justify-content:center;}}@media all and (max-width: 767px){.kadence-column6428_3c36b5-a9 > .kt-inside-inner-col{flex-direction:column;justify-content:center;}}<\/style>\n<div class=\"wp-block-kadence-column kadence-column6428_3c36b5-a9\"><div class=\"kt-inside-inner-col\"><\/div><\/div>\n\n<\/div><\/div>","protected":false},"excerpt":{"rendered":"<p>Links de Afiliados Aviso sobre Links de Afiliados O Guia Top 3 participa de programas de afiliados, incluindo Amazon e Mercado Livre. Isso significa que, ao clicar em nossos links de produtos e realizar uma compra, podemos receber uma comiss\u00e3o sem que voc\u00ea pague nada a mais por isso. Transpar\u00eancia Todas as recomenda\u00e7\u00f5es feitas no [&hellip;]<\/p>\n","protected":false},"author":1,"featured_media":0,"parent":0,"menu_order":0,"comment_status":"closed","ping_status":"closed","template":"","meta":{"_acf_changed":false,"_citadela_hide_page_title":"1","_citadela_remove_header_space":"1","_citadela_custom_class":"","_citadela_half_map_provider":"","_citadela_half_map_theme":"","_citadela_half_map_themeOSM":"","_citadela_half_map_customTheme":"","_citadela_half_map_dataType":"","_citadela_half_map_dynamicTrack":false,"_citadela_half_map_trackColor":"","_citadela_half_map_trackEndpointsColor":"","_citadela_half_map_filterCategory":"","_citadela_half_map_filterLocation":"","_citadela_half_map_filterFeatured":false,"_citadela_half_map_noDataBehavior":"empty-map","_citadela_half_map_noDataText":"","_citadela_half_map_clusterGridSize":80,"_citadela_header":false,"_citadela_header_over_content":false,"_citadela_header_text_color":"","_citadela_header_logo":[],"_citadela_header_bg_image":[],"_citadela_header_bg_position":{"x":0.5,"y":0.5},"_citadela_header_bg_size":"cover","_citadela_header_bg_repeat":"no-repeat","_citadela_header_bg_fixed":false,"_citadela_header_bg_color":"","_citadela_header_bg_image_overlay":"","_citadela_header_transparent_bg":false,"_citadela_content_width":"","_citadela_half_layout_position":"","footnotes":""},"class_list":["post-6428","page","type-page","status-publish","hentry"],"acf":[],"_links":{"self":[{"href":"https:\/\/www.guiatop3.com.br\/index.php?rest_route=\/wp\/v2\/pages\/6428","targetHints":{"allow":["GET"]}}],"collection":[{"href":"https:\/\/www.guiatop3.com.br\/index.php?rest_route=\/wp\/v2\/pages"}],"about":[{"href":"https:\/\/www.guiatop3.com.br\/index.php?rest_route=\/wp\/v2\/types\/page"}],"author":[{"embeddable":true,"href":"https:\/\/www.guiatop3.com.br\/index.php?rest_route=\/wp\/v2\/users\/1"}],"replies":[{"embeddable":true,"href":"https:\/\/www.guiatop3.com.br\/index.php?rest_route=%2Fwp%2Fv2%2Fcomments&post=6428"}],"version-history":[{"count":2,"href":"https:\/\/www.guiatop3.com.br\/index.php?rest_route=\/wp\/v2\/pages\/6428\/revisions"}],"predecessor-version":[{"id":6431,"href":"https:\/\/www.guiatop3.com.br\/index.php?rest_route=\/wp\/v2\/pages\/6428\/revisions\/6431"}],"wp:attachment":[{"href":"https:\/\/www.guiatop3.com.br\/index.php?rest_route=%2Fwp%2Fv2%2Fmedia&parent=6428"}],"curies":[{"name":"wp","href":"https:\/\/api.w.org\/{rel}","templated":true}]}}